{"id":90,"date":"2021-04-15T11:25:54","date_gmt":"2021-04-15T09:25:54","guid":{"rendered":"https:\/\/tedi.staging.janus.it\/?page_id=90"},"modified":"2023-04-17T22:51:03","modified_gmt":"2023-04-17T20:51:03","slug":"results","status":"publish","type":"page","link":"https:\/\/www.gender101.eu\/results\/","title":{"rendered":"Rezultaty"},"content":{"rendered":"\r\n<figure class=\"wp-block-image size-full\"><img decoding=\"async\" loading=\"lazy\" width=\"95\" height=\"147\" class=\"wp-image-592\" src=\"https:\/\/www.gender101.eu\/wp-content\/uploads\/2023\/04\/Ico_Results-1.png\" alt=\"\" \/><\/figure>\r\n\r\n\r\n\r\n\r\nGENDER 101 poprawi dost\u0119pno\u015b\u0107 wysokiej jako\u015bci mo\u017cliwo\u015bci uczenia si\u0119 dla doros\u0142ych poprzez tworzenie kurs\u00f3w mistrzowskich, szkole\u0144 i narz\u0119dzi dla rodzic\u00f3w i nauczycieli doros\u0142ych, kt\u00f3re otrzymaj\u0105 dzi\u0119ki temu projektowi i stworzonym narz\u0119dziom. \r\n<br \/><br \/>W zwi\u0105zku z tym projekt wspiera r\u00f3wnie\u017c edukacj\u0119 szkoln\u0105, poniewa\u017c nauczyciele i trenerzy doros\u0142ych, kt\u00f3rzy mog\u0105 r\u00f3wnie\u017c pracowa\u0107 w instytucjach edukacyjnych, mog\u0105 lepiej wspiera\u0107 bardziej integracyjne \u015brodowisko uczenia si\u0119. Te narz\u0119dzia szkoleniowe umo\u017cliwi\u0105 lepsze zrozumienie os\u00f3b zr\u00f3\u017cnicowanych pod wzgl\u0119dem p\u0142ci, r\u00f3wnie\u017c dla os\u00f3b ucz\u0105cych si\u0119 i os\u00f3b wykonuj\u0105cych zaw\u00f3d nauczyciela, a tym samym pozwol\u0105 na rozw\u00f3j ulepszonego \u015brodowiska, kt\u00f3re sprzyja r\u00f3\u017cnorodno\u015bci i inkluzywno\u015bci jako kluczowych aspekt\u00f3w w przestrzeni edukacyjnej.<br \/><br \/>\r\n\r\n\r\n\r\n\r\n<figure class=\"wp-block-image size-large\"><img decoding=\"async\" loading=\"lazy\" width=\"1024\" height=\"611\" class=\"wp-image-410\" src=\"https:\/\/www.gender101.eu\/wp-content\/uploads\/2023\/01\/travel-933171-1024x611.jpg\" alt=\"\" srcset=\"https:\/\/www.gender101.eu\/wp-content\/uploads\/2023\/01\/travel-933171-1024x611.jpg 1024w, https:\/\/www.gender101.eu\/wp-content\/uploads\/2023\/01\/travel-933171-300x179.jpg 300w, https:\/\/www.gender101.eu\/wp-content\/uploads\/2023\/01\/travel-933171-768x458.jpg 768w, https:\/\/www.gender101.eu\/wp-content\/uploads\/2023\/01\/travel-933171-1536x917.jpg 1536w, https:\/\/www.gender101.eu\/wp-content\/uploads\/2023\/01\/travel-933171-2048x1222.jpg 2048w\" sizes=\"(max-width: 1024px) 100vw, 1024px\" \/><\/figure>\r\n","protected":false},"excerpt":{"rendered":"<p>GENDER 101 poprawi dost\u0119pno\u015b\u0107 wysokiej jako\u015bci mo\u017cliwo\u015bci uczenia si\u0119 dla doros\u0142ych poprzez tworzenie kurs\u00f3w mistrzowskich, szkole\u0144 i narz\u0119dzi dla rodzic\u00f3w i nauczycieli doros\u0142ych, kt\u00f3re otrzymaj\u0105 dzi\u0119ki temu projektowi i stworzonym narz\u0119dziom. W zwi\u0105zku z tym projekt wspiera r\u00f3wnie\u017c edukacj\u0119 szkoln\u0105, poniewa\u017c nauczyciele i trenerzy doros\u0142ych, kt\u00f3rzy mog\u0105 r\u00f3wnie\u017c pracowa\u0107 w instytucjach edukacyjnych, mog\u0105 lepiej wspiera\u0107 [&hellip;]<\/p>\n","protected":false},"author":1,"featured_media":0,"parent":0,"menu_order":0,"comment_status":"closed","ping_status":"closed","template":"","meta":{"pgc_sgb_lightbox_settings":""},"_links":{"self":[{"href":"https:\/\/www.gender101.eu\/wp-json\/wp\/v2\/pages\/90"}],"collection":[{"href":"https:\/\/www.gender101.eu\/wp-json\/wp\/v2\/pages"}],"about":[{"href":"https:\/\/www.gender101.eu\/wp-json\/wp\/v2\/types\/page"}],"author":[{"embeddable":true,"href":"https:\/\/www.gender101.eu\/wp-json\/wp\/v2\/users\/1"}],"replies":[{"embeddable":true,"href":"https:\/\/www.gender101.eu\/wp-json\/wp\/v2\/comments?post=90"}],"version-history":[{"count":9,"href":"https:\/\/www.gender101.eu\/wp-json\/wp\/v2\/pages\/90\/revisions"}],"predecessor-version":[{"id":696,"href":"https:\/\/www.gender101.eu\/wp-json\/wp\/v2\/pages\/90\/revisions\/696"}],"wp:attachment":[{"href":"https:\/\/www.gender101.eu\/wp-json\/wp\/v2\/media?parent=90"}],"curies":[{"name":"wp","href":"https:\/\/api.w.org\/{rel}","templated":true}]}}