{"id":423,"date":"2023-01-21T16:47:27","date_gmt":"2023-01-21T15:47:27","guid":{"rendered":"https:\/\/www.gender101.eu\/?page_id=423"},"modified":"2023-08-10T11:24:23","modified_gmt":"2023-08-10T09:24:23","slug":"about-us","status":"publish","type":"page","link":"https:\/\/www.gender101.eu\/about-us\/","title":{"rendered":"O nas"},"content":{"rendered":"\r\n\r\n\r\n\r\n\r\n<h2>Koordynator<\/h2>\r\n\r\n\r\n\r\n<figure class=\"wp-block-image size-large is-resized\"><img decoding=\"async\" loading=\"lazy\" class=\"wp-image-457\" src=\"https:\/\/www.gender101.eu\/wp-content\/uploads\/2023\/04\/willingness_Clinic_Logos-04-1024x351.png\" alt=\"\" width=\"269\" height=\"92\" srcset=\"https:\/\/www.gender101.eu\/wp-content\/uploads\/2023\/04\/willingness_Clinic_Logos-04-1024x351.png 1024w, https:\/\/www.gender101.eu\/wp-content\/uploads\/2023\/04\/willingness_Clinic_Logos-04-300x103.png 300w, https:\/\/www.gender101.eu\/wp-content\/uploads\/2023\/04\/willingness_Clinic_Logos-04-768x263.png 768w, https:\/\/www.gender101.eu\/wp-content\/uploads\/2023\/04\/willingness_Clinic_Logos-04-1536x527.png 1536w, https:\/\/www.gender101.eu\/wp-content\/uploads\/2023\/04\/willingness_Clinic_Logos-04-2048x702.png 2048w\" sizes=\"(max-width: 269px) 100vw, 269px\" \/><\/figure>\r\n\r\n\r\n\r\n\r\n<a href=\"http:\/\/www.willingness.com.mt\">www.willingness.com.mt<\/a>\r\n\r\n\r\n\r\n\r\n\r\n<strong>Willingness <\/strong>zosta\u0142o za\u0142o\u017cone w 2011 roku z my\u015bl\u0105 o \u015bwiadczeniu holistycznych us\u0142ug w zakresie rodziny, seksu i zdrowia. Willingness Team to interdyscyplinarny zesp\u00f3\u0142 sk\u0142adaj\u0105cy si\u0119 z r\u00f3\u017cnych profesjonalist\u00f3w z do\u015bwiadczeniem w dziedzinach terapeutycznych, medycznych, edukacyjnych i spo\u0142ecznych. Nasz\u0105 misj\u0105 jest \u0142\u0105czenie profesjonalist\u00f3w i student\u00f3w w celu zwalczania stygmatyzacji zdrowia psychicznego poprzez zach\u0119canie do &#8222;ch\u0119ci adaptacji&#8221;. Nasz\u0105 wizj\u0105 jest odporne, samo\u015bwiadome spo\u0142ecze\u0144stwo, zdolne do skutecznego radzenia sobie ze zdrowiem psychicznym i \u0142atwiejszego przystosowywania si\u0119 do przeciwno\u015bci losu. Aby to osi\u0105gn\u0105\u0107, kierujemy si\u0119 warto\u015bciami profesjonalizmu, przyst\u0119pno\u015bci, praktyki opartej na dowodach i zespo\u0142u. Willingness prowadzi klinik\u0119 Gender, wspieraj\u0105c osoby ze spektrum w osi\u0105ganiu ich konkretnych cel\u00f3w. Zapewniamy terapi\u0119 g\u0142osow\u0105, terapi\u0119 rozmow\u0105 i coaching, aby klienci mogli rozwija\u0107 swoje autentyczne ja. Robimy to r\u00f3wnie\u017c poprzez terapie psychologiczne dotycz\u0105ce kwestii zwi\u0105zanych z p\u0142ci\u0105, takich jak badanie to\u017csamo\u015bci p\u0142ciowej.\r\n\r\n\r\n\r\n\r\n\r\n\r\n\r\n\r\n<h2>Partnerzy<\/h2>\r\n\r\n\r\n\r\n\r\n\r\n\r\n\r\n<figure class=\"wp-block-image size-full is-resized\"><img decoding=\"async\" loading=\"lazy\" class=\"wp-image-336\" src=\"https:\/\/www.gender101.eu\/wp-content\/uploads\/2023\/01\/MB-Logo-Copy.jpg\" alt=\"MintiesBites\" width=\"162\" height=\"129\" srcset=\"https:\/\/www.gender101.eu\/wp-content\/uploads\/2023\/01\/MB-Logo-Copy.jpg 688w, https:\/\/www.gender101.eu\/wp-content\/uploads\/2023\/01\/MB-Logo-Copy-300x239.jpg 300w\" sizes=\"(max-width: 162px) 100vw, 162px\" \/><\/figure>\r\n\r\n\r\n\r\n\r\n<a href=\"http:\/\/www.mbites.lt\">www.mbites.lt<\/a>\r\n\r\n\r\n\r\n\r\n\r\n<strong>Stowarzyszenie MINTIES BIT\u0116S<\/strong> zosta\u0142o za\u0142o\u017cone w 2012 r. w celu zrzeszania organizacji i os\u00f3b prywatnych na rzecz\r\ni os\u00f3b fizycznych do dzia\u0142a\u0144, kt\u00f3re przynosz\u0105 korzy\u015bci ca\u0142emu spo\u0142ecze\u0144stwu. Zapewnienie integracji spo\u0142ecznej os\u00f3b\/grup w d\u0105\u017ceniu do r\u00f3wnych praw i szans. Rozwijanie dzia\u0142a\u0144 zapobiegaj\u0105cych problemom spo\u0142ecznym. Stowarzyszenie promuje, tworzy, projektuje, rozwija, ocenia i wdra\u017ca r\u00f3\u017cne narz\u0119dzia rozwoju metodologicznego w zakresie edukacji, szkolenia zawodowego, podnoszenia kwalifikacji i przekwalifikowania, edukacji pozaformalnej i kszta\u0142cenia ustawicznego. przekwalifikowania, edukacji pozaformalnej i uczenia si\u0119, a tak\u017ce metodologii i technik, program\u00f3w, projekt\u00f3w, sieci partnerstwa spo\u0142ecznego itp. dla specjalist\u00f3w oraz r\u00f3\u017cnych grup i os\u00f3b spo\u0142ecznych.\r\n\r\n\r\n\r\n\r\n<figure class=\"wp-block-image size-large is-resized\"><img decoding=\"async\" loading=\"lazy\" class=\"wp-image-462\" src=\"https:\/\/www.gender101.eu\/wp-content\/uploads\/2023\/04\/nowe-logo-wsbinoz-e1681393204396-1024x301.png\" alt=\"\" width=\"416\" height=\"121\" srcset=\"https:\/\/www.gender101.eu\/wp-content\/uploads\/2023\/04\/nowe-logo-wsbinoz-e1681393204396-1024x301.png 1024w, https:\/\/www.gender101.eu\/wp-content\/uploads\/2023\/04\/nowe-logo-wsbinoz-e1681393204396-300x88.png 300w, https:\/\/www.gender101.eu\/wp-content\/uploads\/2023\/04\/nowe-logo-wsbinoz-e1681393204396-768x225.png 768w, https:\/\/www.gender101.eu\/wp-content\/uploads\/2023\/04\/nowe-logo-wsbinoz-e1681393204396-1536x451.png 1536w, https:\/\/www.gender101.eu\/wp-content\/uploads\/2023\/04\/nowe-logo-wsbinoz-e1681393204396-2048x601.png 2048w\" sizes=\"(max-width: 416px) 100vw, 416px\" \/><\/figure>\r\n\r\n\r\n\r\n\r\n<a href=\"http:\/\/www.wsbinoz.edu.pl\/\" target=\"_blank\" rel=\"noreferrer noopener\">www.wsbinoz.edu.pl<\/a>\r\n\r\n\r\n\r\n\r\n\r\n<strong>WY\u017bSZA SZKO\u0141A BIZNESU I NAUK O ZDROWIU<\/strong> (WSBINOZ) jest pierwsz\u0105 niepubliczn\u0105 uczelni\u0105 wy\u017csz\u0105 w centralnej Polsce, kt\u00f3ra oferuje studia na kierunkach zwi\u0105zanych ze zdrowiem i medycyn\u0105 oraz na kierunkach biznesowych i pedagogicznych. \u015awiatowej klasy baza dydaktyczna oraz wyj\u0105tkowa atmosfera kszta\u0142cenia promowana przez wysoce kompetentnych i najwybitniejszych specjalist\u00f3w, praktyk\u00f3w i nauczycieli akademickich gwarantuj\u0105 unikalny i ambitny program nauczania, wiedz\u0119 teoretyczn\u0105 i umiej\u0119tno\u015bci praktyczne tak po\u017c\u0105dane w \u017cyciu zawodowym. M\u0142odzi doro\u015bli ucz\u0105 si\u0119, jak wykorzysta\u0107 zdobyte umiej\u0119tno\u015bci i wiedz\u0119, a tak\u017ce jak rozwija\u0107 osobiste zdolno\u015bci i odnosi\u0107 sukcesy zawodowe. WSBINOZ odgrywa wa\u017cn\u0105 rol\u0119 na lokalnym rynku edukacyjnym w zakresie organizacji dodatkowych kurs\u00f3w tematycznych dla grup defaworyzowanych. Jego intencj\u0105 jest wsp\u00f3\u0142praca z w\u0142adzami lokalnymi, regionalnymi i krajowymi w celu zapewnienia tematycznych warsztat\u00f3w i seminari\u00f3w, a tak\u017ce przyci\u0105gni\u0119cia grup docelowych.\r\n\r\n\r\n\r\n\r\n\r\n\r\n\r\n\r\n\r\n\r\n\r\n\r\n<figure class=\"wp-block-image size-large is-resized\"><img decoding=\"async\" loading=\"lazy\" class=\"wp-image-338\" src=\"https:\/\/www.gender101.eu\/wp-content\/uploads\/2023\/01\/fip-2048x1366-1-1024x683.png\" alt=\"FutureInPerspective\" width=\"217\" height=\"144\" srcset=\"https:\/\/www.gender101.eu\/wp-content\/uploads\/2023\/01\/fip-2048x1366-1-1024x683.png 1024w, https:\/\/www.gender101.eu\/wp-content\/uploads\/2023\/01\/fip-2048x1366-1-300x200.png 300w, https:\/\/www.gender101.eu\/wp-content\/uploads\/2023\/01\/fip-2048x1366-1-768x512.png 768w, https:\/\/www.gender101.eu\/wp-content\/uploads\/2023\/01\/fip-2048x1366-1-1536x1025.png 1536w, https:\/\/www.gender101.eu\/wp-content\/uploads\/2023\/01\/fip-2048x1366-1.png 2048w\" sizes=\"(max-width: 217px) 100vw, 217px\" \/><\/figure>\r\n\r\n\r\n\r\n\r\n<a href=\"http:\/\/www.futureinperspective.com\">www.futureinperspective.com<\/a>\r\n\r\n\r\n\r\n\r\n\r\n<strong>Future in Perspective<\/strong> Ltd. (FIP) ) to prywatna firma z siedzib\u0105 w przygranicznym regionie Irlandii, specjalizuj\u0105ca si\u0119 w edukacji i e-learningu, produkcji medialnej, zdrowiu cyfrowym i pracy z m\u0142odzie\u017c\u0105. Poprzez nasz\u0105 prac\u0119 nad krajowymi i finansowanymi przez UE projektami, zaanga\u017cowali\u015bmy i wspierali\u015bmy lokalne grupy m\u0142odzie\u017cowe, spo\u0142eczno\u015bci migrant\u00f3w i osoby, kt\u00f3re by\u0142y nieobecne w edukacji, aby ponownie nawi\u0105za\u0107 kontakt z dostawcami us\u0142ug i g\u0142\u00f3wnym nurtem oferty edukacyjnej i szkoleniowej. FIP wykorzystuje najnowsze technologie w swojej ofercie us\u0142ug, buduj\u0105c umiej\u0119tno\u015bci specjalist\u00f3w ds. m\u0142odzie\u017cy i wolontariuszy.\r\ni wolontariuszy, umo\u017cliwiaj\u0105c cz\u0142onkom m\u0142odzie\u017cowych grup docelowych rozwijanie kluczowych kompetencji w unikalnych \u015brodowiskach uczenia si\u0119 w dzia\u0142aniu i nauczania mieszanego. Ponadto wsp\u00f3\u0142pracowali\u015bmy z m\u0142odymi lud\u017ami w celu dostarczenia szeregu r\u00f3\u017cnorodnych w obszarach produkcji medialnej, edukacji klimatycznej, zdrowia psychicznego i dobrego samopoczucia oraz zarz\u0105dzania karier\u0105 &#8211; wspieraj\u0105c kolejne pokolenie kreatywnych os\u00f3b w budowaniu i utrzymywaniu udanej kariery. w budowaniu i podtrzymywaniu udanych karier w sektorze.<br \/><br \/>\r\n\r\n\r\n\r\n\r\n\r\n\r\n\r\n\r\n<figure class=\"wp-block-image size-large is-resized\"><img decoding=\"async\" loading=\"lazy\" class=\"wp-image-445\" src=\"https:\/\/www.gender101.eu\/wp-content\/uploads\/2023\/01\/JanusOcol-1024x161.png\" alt=\"JANUS\" width=\"293\" height=\"46\" srcset=\"https:\/\/www.gender101.eu\/wp-content\/uploads\/2023\/01\/JanusOcol-1024x161.png 1024w, https:\/\/www.gender101.eu\/wp-content\/uploads\/2023\/01\/JanusOcol-300x47.png 300w, https:\/\/www.gender101.eu\/wp-content\/uploads\/2023\/01\/JanusOcol-768x121.png 768w, https:\/\/www.gender101.eu\/wp-content\/uploads\/2023\/01\/JanusOcol-1536x242.png 1536w, https:\/\/www.gender101.eu\/wp-content\/uploads\/2023\/01\/JanusOcol.png 2000w\" sizes=\"(max-width: 293px) 100vw, 293px\" \/><\/figure>\r\n\r\n\r\n\r\n\r\n<a href=\"http:\/\/www.janus.it\/\">www.janus.it<\/a><br \/><br \/>\r\n\r\n\r\n\r\n\r\n\r\n<strong>JANUS<\/strong> to w\u0142oska firma prywatna, kt\u00f3ra tworzy i rozwija innowacyjne aplikacje dla podmiot\u00f3w publicznych i prywatnych, w zakresie kultury, szkole\u0144 i edukacji, a tak\u017ce biznesu. JANUS zapewnia kompatybilno\u015b\u0107 swoich produkt\u00f3w z ka\u017cdym rodzajem sieci (Internet, intranet i\/lub ekstranet). Us\u0142ugi \u015bwiadczone przez firm\u0119 obejmuj\u0105 r\u00f3wnie\u017c projektowanie graficzne i produkcj\u0119 cyfrow\u0105\/multimedialn\u0105. Wszystkie us\u0142ugi JANUS s\u0105 wspierane przez pomoc, instrukcje techniczne i szkolenia. W\u015br\u00f3d udanych produkcji JANUS znajduj\u0105 si\u0119 &#8222;AmaMusei&#8221; i &#8222;Amacitt\u00e0&#8221;, sk\u0142adaj\u0105ce si\u0119 ze zintegrowanej platformy i aplikacji opartych na BAC &#8211; Beacon Access Control. Oba produkty s\u0105 szeroko stosowane przez du\u017c\u0105 liczb\u0119 muze\u00f3w i gmin we W\u0142oszech. JANUS wspiera\u0142\/ wspiera projekty europejskie w obszarach Eramus+ HE, VET i Adults.\r\n\r\n\r\n\r\n\r\n\r\n\r\n\r\n\r\n<figure class=\"wp-block-image size-large is-resized\"><img decoding=\"async\" loading=\"lazy\" class=\"wp-image-337\" src=\"https:\/\/www.gender101.eu\/wp-content\/uploads\/2023\/01\/SBS-red-1-e1674298661115-1024x827.png\" alt=\"StepByStep\" width=\"285\" height=\"230\" srcset=\"https:\/\/www.gender101.eu\/wp-content\/uploads\/2023\/01\/SBS-red-1-e1674298661115-1024x827.png 1024w, https:\/\/www.gender101.eu\/wp-content\/uploads\/2023\/01\/SBS-red-1-e1674298661115-300x242.png 300w, https:\/\/www.gender101.eu\/wp-content\/uploads\/2023\/01\/SBS-red-1-e1674298661115-768x620.png 768w, https:\/\/www.gender101.eu\/wp-content\/uploads\/2023\/01\/SBS-red-1-e1674298661115.png 1337w\" sizes=\"(max-width: 285px) 100vw, 285px\" \/><\/figure>\r\n\r\n\r\n\r\n\r\n<a href=\"http:\/\/www.urkpk.org\">www.urkpk.org<\/a>\r\n\r\n\r\n\r\n\r\n\r\n<strong>Stowarzyszenie Rodzic\u00f3w Step by Step<\/strong> jest pozarz\u0105dowym stowarzyszeniem non-profit, kt\u00f3rego g\u0142\u00f3wnym celem jest promowanie warto\u015bci spo\u0142eczno\u015bci skupionej wok\u00f3\u0142 dzieci. Takie spo\u0142ecze\u0144stwo postrzega dzieci jako sw\u00f3j najcenniejszy skarb i tworzy priorytet dla ich dobra, rozwoju i edukacji. Co wi\u0119cej, przywr\u00f3cenie warto\u015bci rodzicielstwa jest uwa\u017cane za mo\u017cliwo\u015b\u0107 pogodzenia pracy i opieki nad dzie\u0107mi, robi\u0105c wszystko, co w naszej mocy, aby zacz\u0105\u0107 docenia\u0107 rodzicielstwo i uczyni\u0107 je \u0142atwiejszym. Dzia\u0142ania Stowarzyszenia obejmuj\u0105: promocj\u0119 praw dzieci i ich rodzin do godnego \u017cycia; wsp\u00f3\u0142prac\u0119 z przedszkolami, szko\u0142ami i innymi instytucjami zajmuj\u0105cymi si\u0119 opiek\u0105 nad dzie\u0107mi i rodzinami; wsp\u00f3lne dzia\u0142ania cz\u0142onk\u00f3w Stowarzyszenia przed w\u0142adzami, instytucjami i spo\u0142eczno\u015bciami lokalnymi; wsp\u00f3\u0142prac\u0119 z organizacjami krajowymi i zagranicznymi oraz promowanie darowizn i sponsoringu.\r\n\r\n","protected":false},"excerpt":{"rendered":"<p>Koordynator www.willingness.com.mt Willingness zosta\u0142o za\u0142o\u017cone w 2011 roku z my\u015bl\u0105 o \u015bwiadczeniu holistycznych us\u0142ug w zakresie rodziny, seksu i zdrowia. Willingness Team to interdyscyplinarny zesp\u00f3\u0142 sk\u0142adaj\u0105cy si\u0119 z r\u00f3\u017cnych profesjonalist\u00f3w z do\u015bwiadczeniem w dziedzinach terapeutycznych, medycznych, edukacyjnych i spo\u0142ecznych. Nasz\u0105 misj\u0105 jest \u0142\u0105czenie profesjonalist\u00f3w i student\u00f3w w celu zwalczania stygmatyzacji zdrowia psychicznego poprzez zach\u0119canie do [&hellip;]<\/p>\n","protected":false},"author":3,"featured_media":0,"parent":0,"menu_order":0,"comment_status":"closed","ping_status":"closed","template":"","meta":{"pgc_sgb_lightbox_settings":""},"_links":{"self":[{"href":"https:\/\/www.gender101.eu\/wp-json\/wp\/v2\/pages\/423"}],"collection":[{"href":"https:\/\/www.gender101.eu\/wp-json\/wp\/v2\/pages"}],"about":[{"href":"https:\/\/www.gender101.eu\/wp-json\/wp\/v2\/types\/page"}],"author":[{"embeddable":true,"href":"https:\/\/www.gender101.eu\/wp-json\/wp\/v2\/users\/3"}],"replies":[{"embeddable":true,"href":"https:\/\/www.gender101.eu\/wp-json\/wp\/v2\/comments?post=423"}],"version-history":[{"count":13,"href":"https:\/\/www.gender101.eu\/wp-json\/wp\/v2\/pages\/423\/revisions"}],"predecessor-version":[{"id":1103,"href":"https:\/\/www.gender101.eu\/wp-json\/wp\/v2\/pages\/423\/revisions\/1103"}],"wp:attachment":[{"href":"https:\/\/www.gender101.eu\/wp-json\/wp\/v2\/media?parent=423"}],"curies":[{"name":"wp","href":"https:\/\/api.w.org\/{rel}","templated":true}]}}