{"id":397,"date":"2023-01-21T15:34:19","date_gmt":"2023-01-21T14:34:19","guid":{"rendered":"https:\/\/www.gender101.eu\/?page_id=397"},"modified":"2023-04-17T22:50:26","modified_gmt":"2023-04-17T20:50:26","slug":"objectives","status":"publish","type":"page","link":"https:\/\/www.gender101.eu\/objectives\/","title":{"rendered":"Cele"},"content":{"rendered":"\r\n<figure class=\"wp-block-image size-full\"><img decoding=\"async\" loading=\"lazy\" width=\"95\" height=\"147\" class=\"wp-image-592\" src=\"https:\/\/www.gender101.eu\/wp-content\/uploads\/2023\/04\/Ico_Results-1.png\" alt=\"\" \/><\/figure>\r\n\r\n\r\n\r\n\r\nGENDER 101 pomo\u017ce pokona\u0107 bariery napotykane przez rodzic\u00f3w os\u00f3b zr\u00f3\u017cnicowanych pod wzgl\u0119dem p\u0142ci w dost\u0119pie do mo\u017cliwo\u015bci oferowanych przez program projektu. Wdra\u017caj\u0105c ten projekt, partnerzy b\u0119d\u0105 d\u0105\u017cy\u0107 do stworzenia integracyjnych \u015brodowisk, kt\u00f3re sprzyjaj\u0105 r\u00f3wno\u015bci oraz odpowiadaj\u0105 na potrzeby szerszej spo\u0142eczno\u015bci. Takie narz\u0119dzia obejmuj\u0105: wykorzystanie zasob\u00f3w cyfrowych, kt\u00f3re zostan\u0105 opracowane w ramach projektu, ale kt\u00f3re mog\u0105 by\u0107 nadal wykorzystywane po zako\u0144czeniu projektu. <br \/><br \/>\r\n\r\n\r\n\r\n\r\n<figure class=\"wp-block-image size-large\"><img decoding=\"async\" loading=\"lazy\" width=\"1024\" height=\"683\" class=\"wp-image-427\" src=\"https:\/\/www.gender101.eu\/wp-content\/uploads\/2023\/01\/family-7392843-1024x683.jpg\" alt=\"\" srcset=\"https:\/\/www.gender101.eu\/wp-content\/uploads\/2023\/01\/family-7392843-1024x683.jpg 1024w, https:\/\/www.gender101.eu\/wp-content\/uploads\/2023\/01\/family-7392843-300x200.jpg 300w, https:\/\/www.gender101.eu\/wp-content\/uploads\/2023\/01\/family-7392843-768x512.jpg 768w, https:\/\/www.gender101.eu\/wp-content\/uploads\/2023\/01\/family-7392843-1536x1024.jpg 1536w, https:\/\/www.gender101.eu\/wp-content\/uploads\/2023\/01\/family-7392843-2048x1365.jpg 2048w\" sizes=\"(max-width: 1024px) 100vw, 1024px\" \/><\/figure>\r\n","protected":false},"excerpt":{"rendered":"<p>GENDER 101 pomo\u017ce pokona\u0107 bariery napotykane przez rodzic\u00f3w os\u00f3b zr\u00f3\u017cnicowanych pod wzgl\u0119dem p\u0142ci w dost\u0119pie do mo\u017cliwo\u015bci oferowanych przez program projektu. Wdra\u017caj\u0105c ten projekt, partnerzy b\u0119d\u0105 d\u0105\u017cy\u0107 do stworzenia integracyjnych \u015brodowisk, kt\u00f3re sprzyjaj\u0105 r\u00f3wno\u015bci oraz odpowiadaj\u0105 na potrzeby szerszej spo\u0142eczno\u015bci. Takie narz\u0119dzia obejmuj\u0105: wykorzystanie zasob\u00f3w cyfrowych, kt\u00f3re zostan\u0105 opracowane w ramach projektu, ale kt\u00f3re mog\u0105 [&hellip;]<\/p>\n","protected":false},"author":3,"featured_media":0,"parent":0,"menu_order":0,"comment_status":"closed","ping_status":"closed","template":"","meta":{"pgc_sgb_lightbox_settings":""},"_links":{"self":[{"href":"https:\/\/www.gender101.eu\/wp-json\/wp\/v2\/pages\/397"}],"collection":[{"href":"https:\/\/www.gender101.eu\/wp-json\/wp\/v2\/pages"}],"about":[{"href":"https:\/\/www.gender101.eu\/wp-json\/wp\/v2\/types\/page"}],"author":[{"embeddable":true,"href":"https:\/\/www.gender101.eu\/wp-json\/wp\/v2\/users\/3"}],"replies":[{"embeddable":true,"href":"https:\/\/www.gender101.eu\/wp-json\/wp\/v2\/comments?post=397"}],"version-history":[{"count":7,"href":"https:\/\/www.gender101.eu\/wp-json\/wp\/v2\/pages\/397\/revisions"}],"predecessor-version":[{"id":695,"href":"https:\/\/www.gender101.eu\/wp-json\/wp\/v2\/pages\/397\/revisions\/695"}],"wp:attachment":[{"href":"https:\/\/www.gender101.eu\/wp-json\/wp\/v2\/media?parent=397"}],"curies":[{"name":"wp","href":"https:\/\/api.w.org\/{rel}","templated":true}]}}