{"id":2,"date":"2021-03-01T14:29:14","date_gmt":"2021-03-01T13:29:14","guid":{"rendered":"http:\/\/tedi.dev.janus.it\/?page_id=2"},"modified":"2023-04-17T00:32:16","modified_gmt":"2023-04-16T22:32:16","slug":"gender101","status":"publish","type":"page","link":"https:\/\/www.gender101.eu\/gender101\/","title":{"rendered":"GENDER 101"},"content":{"rendered":"\r\n<figure class=\"wp-block-image size-full\"><img decoding=\"async\" loading=\"lazy\" width=\"95\" height=\"147\" class=\"wp-image-592\" src=\"https:\/\/www.gender101.eu\/wp-content\/uploads\/2023\/04\/Ico_Results-1.png\" alt=\"\" \/><\/figure>\r\n\r\n\r\n\r\n\r\nProjekt GENDER 101 &#8222;Opracowanie innowacyjnych narz\u0119dzi dotycz\u0105cych r\u00f3\u017cnorodno\u015bci p\u0142ciowej dla rodzic\u00f3w i nauczycieli doros\u0142ych&#8221; wspiera priorytet w\u0142\u0105czenia i r\u00f3\u017cnorodno\u015bci we wszystkich dziedzinach edukacji, szkolenia, m\u0142odzie\u017cy i sportu poprzez prac\u0119 na rzecz rodzic\u00f3w i nauczycieli \/ trener\u00f3w doros\u0142ych, kt\u00f3rzy maj\u0105 by\u0107 lepiej przygotowani do pracy z osobami zr\u00f3\u017cnicowanymi pod wzgl\u0119dem p\u0142ci. Tworzenie wi\u0119kszej \u015bwiadomo\u015bci i pog\u0142\u0119bianie wiedzy na temat r\u00f3\u017cnych to\u017csamo\u015bci p\u0142ciowych i z\u0142o\u017conej natury tego tematu pozwoli na polepszenie umiej\u0119tno\u015bci i bardziej holistyczne podej\u015bcie rodzic\u00f3w do dzieci zr\u00f3\u017cnicowanych pod wzgl\u0119dem p\u0142ci, a tak\u017ce edukator\u00f3w\/trener\u00f3w. <br \/><br \/>\r\n\r\n\r\n\r\n\r\n<figure class=\"wp-block-image size-large\"><img decoding=\"async\" loading=\"lazy\" width=\"1024\" height=\"576\" class=\"wp-image-588\" src=\"https:\/\/www.gender101.eu\/wp-content\/uploads\/2023\/04\/mother-2935723-1024x576.jpg\" alt=\"\" srcset=\"https:\/\/www.gender101.eu\/wp-content\/uploads\/2023\/04\/mother-2935723-1024x576.jpg 1024w, https:\/\/www.gender101.eu\/wp-content\/uploads\/2023\/04\/mother-2935723-300x169.jpg 300w, https:\/\/www.gender101.eu\/wp-content\/uploads\/2023\/04\/mother-2935723-768x432.jpg 768w, https:\/\/www.gender101.eu\/wp-content\/uploads\/2023\/04\/mother-2935723-1536x864.jpg 1536w, https:\/\/www.gender101.eu\/wp-content\/uploads\/2023\/04\/mother-2935723-2048x1152.jpg 2048w\" sizes=\"(max-width: 1024px) 100vw, 1024px\" \/><\/figure>\r\n","protected":false},"excerpt":{"rendered":"<p>Projekt GENDER 101 &#8222;Opracowanie innowacyjnych narz\u0119dzi dotycz\u0105cych r\u00f3\u017cnorodno\u015bci p\u0142ciowej dla rodzic\u00f3w i nauczycieli doros\u0142ych&#8221; wspiera priorytet w\u0142\u0105czenia i r\u00f3\u017cnorodno\u015bci we wszystkich dziedzinach edukacji, szkolenia, m\u0142odzie\u017cy i sportu poprzez prac\u0119 na rzecz rodzic\u00f3w i nauczycieli \/ trener\u00f3w doros\u0142ych, kt\u00f3rzy maj\u0105 by\u0107 lepiej przygotowani do pracy z osobami zr\u00f3\u017cnicowanymi pod wzgl\u0119dem p\u0142ci. Tworzenie wi\u0119kszej \u015bwiadomo\u015bci i pog\u0142\u0119bianie [&hellip;]<\/p>\n","protected":false},"author":3,"featured_media":592,"parent":0,"menu_order":0,"comment_status":"closed","ping_status":"closed","template":"","meta":{"pgc_sgb_lightbox_settings":""},"_links":{"self":[{"href":"https:\/\/www.gender101.eu\/wp-json\/wp\/v2\/pages\/2"}],"collection":[{"href":"https:\/\/www.gender101.eu\/wp-json\/wp\/v2\/pages"}],"about":[{"href":"https:\/\/www.gender101.eu\/wp-json\/wp\/v2\/types\/page"}],"author":[{"embeddable":true,"href":"https:\/\/www.gender101.eu\/wp-json\/wp\/v2\/users\/3"}],"replies":[{"embeddable":true,"href":"https:\/\/www.gender101.eu\/wp-json\/wp\/v2\/comments?post=2"}],"version-history":[{"count":18,"href":"https:\/\/www.gender101.eu\/wp-json\/wp\/v2\/pages\/2\/revisions"}],"predecessor-version":[{"id":595,"href":"https:\/\/www.gender101.eu\/wp-json\/wp\/v2\/pages\/2\/revisions\/595"}],"wp:featuredmedia":[{"embeddable":true,"href":"https:\/\/www.gender101.eu\/wp-json\/wp\/v2\/media\/592"}],"wp:attachment":[{"href":"https:\/\/www.gender101.eu\/wp-json\/wp\/v2\/media?parent=2"}],"curies":[{"name":"wp","href":"https:\/\/api.w.org\/{rel}","templated":true}]}}