{"id":90,"date":"2021-04-15T11:25:54","date_gmt":"2021-04-15T09:25:54","guid":{"rendered":"https:\/\/tedi.staging.janus.it\/?page_id=90"},"modified":"2023-04-17T22:51:03","modified_gmt":"2023-04-17T20:51:03","slug":"results","status":"publish","type":"page","link":"https:\/\/www.gender101.eu\/results\/","title":{"rendered":"Ri\u017cultati"},"content":{"rendered":"\r\n<figure class=\"wp-block-image size-full\"><img decoding=\"async\" loading=\"lazy\" width=\"95\" height=\"147\" class=\"wp-image-592\" src=\"https:\/\/www.gender101.eu\/wp-content\/uploads\/2023\/04\/Ico_Results-1.png\" alt=\"\" \/><\/figure>\r\n\r\n\r\n\r\n\r\nGENDER 101 se jtejjeb id-disponibbilt\u00e0 ta\u2019 opportunitajiet ta\u2019 tag\u0127lim ta\u2019 kwalit\u00e0 g\u0127olja g\u0127all-adulti billi <strong>jin\u0127oloqu masterclasses, ta\u0127ri\u0121 u g\u0127odod g\u0127all-\u0121enituri adulti u edukaturi adulti<\/strong> li bihom se jir\u010bievu permezz ta\u2019 dan il-pro\u0121ett u permezz tal-g\u0127odod ma\u0127luqa.\r\n<br \/><br \/>\r\nG\u0127alhekk il-pro\u0121ett jappo\u0121\u0121a wkoll l-edukazzjoni skolastika peress li edukaturi u trejners adulti li jistg\u0127u ja\u0127dmu wkoll f\u2019istituzzjonijiet edukattivi jistg\u0127u jappo\u0121\u0121jaw a\u0127jar ambjent ta\u2019 tag\u0127lim aktar inklu\u017civ. Dawn l-g\u0127odod ta\u2019 ta\u0127ri\u0121 se jippermettu fehim akbar ta\u2019 individwi b\u2019\u0121eneru differenti g\u0127all-istudenti u n-nies fil-professjoni tat-tag\u0127lim, u b\u2019hekk jippermettu l-i\u017cvilupp ta\u2019 ambjent imtejjeb li jrawwem id-diversit\u00e0 u l-inklussivit\u00e0 b\u0127ala aspetti ewlenin fi spazji ta\u2019 tag\u0127lim.\r\n<br \/><br \/>\r\n\r\n\r\n\r\n<figure class=\"wp-block-image size-large\"><img decoding=\"async\" loading=\"lazy\" width=\"1024\" height=\"611\" class=\"wp-image-410\" src=\"https:\/\/www.gender101.eu\/wp-content\/uploads\/2023\/01\/travel-933171-1024x611.jpg\" alt=\"\" srcset=\"https:\/\/www.gender101.eu\/wp-content\/uploads\/2023\/01\/travel-933171-1024x611.jpg 1024w, https:\/\/www.gender101.eu\/wp-content\/uploads\/2023\/01\/travel-933171-300x179.jpg 300w, https:\/\/www.gender101.eu\/wp-content\/uploads\/2023\/01\/travel-933171-768x458.jpg 768w, https:\/\/www.gender101.eu\/wp-content\/uploads\/2023\/01\/travel-933171-1536x917.jpg 1536w, https:\/\/www.gender101.eu\/wp-content\/uploads\/2023\/01\/travel-933171-2048x1222.jpg 2048w\" sizes=\"(max-width: 1024px) 100vw, 1024px\" \/><\/figure>\r\n","protected":false},"excerpt":{"rendered":"<p>GENDER 101 se jtejjeb id-disponibbilt\u00e0 ta\u2019 opportunitajiet ta\u2019 tag\u0127lim ta\u2019 kwalit\u00e0 g\u0127olja g\u0127all-adulti billi jin\u0127oloqu masterclasses, ta\u0127ri\u0121 u g\u0127odod g\u0127all-\u0121enituri adulti u edukaturi adulti li bihom se jir\u010bievu permezz ta\u2019 dan il-pro\u0121ett u permezz tal-g\u0127odod ma\u0127luqa. G\u0127alhekk il-pro\u0121ett jappo\u0121\u0121a wkoll l-edukazzjoni skolastika peress li edukaturi u trejners adulti li jistg\u0127u ja\u0127dmu wkoll f\u2019istituzzjonijiet edukattivi jistg\u0127u [&hellip;]<\/p>\n","protected":false},"author":1,"featured_media":0,"parent":0,"menu_order":0,"comment_status":"closed","ping_status":"closed","template":"","meta":{"pgc_sgb_lightbox_settings":""},"_links":{"self":[{"href":"https:\/\/www.gender101.eu\/wp-json\/wp\/v2\/pages\/90"}],"collection":[{"href":"https:\/\/www.gender101.eu\/wp-json\/wp\/v2\/pages"}],"about":[{"href":"https:\/\/www.gender101.eu\/wp-json\/wp\/v2\/types\/page"}],"author":[{"embeddable":true,"href":"https:\/\/www.gender101.eu\/wp-json\/wp\/v2\/users\/1"}],"replies":[{"embeddable":true,"href":"https:\/\/www.gender101.eu\/wp-json\/wp\/v2\/comments?post=90"}],"version-history":[{"count":9,"href":"https:\/\/www.gender101.eu\/wp-json\/wp\/v2\/pages\/90\/revisions"}],"predecessor-version":[{"id":696,"href":"https:\/\/www.gender101.eu\/wp-json\/wp\/v2\/pages\/90\/revisions\/696"}],"wp:attachment":[{"href":"https:\/\/www.gender101.eu\/wp-json\/wp\/v2\/media?parent=90"}],"curies":[{"name":"wp","href":"https:\/\/api.w.org\/{rel}","templated":true}]}}