{"id":2,"date":"2021-03-01T14:29:14","date_gmt":"2021-03-01T13:29:14","guid":{"rendered":"http:\/\/tedi.dev.janus.it\/?page_id=2"},"modified":"2023-04-17T00:32:16","modified_gmt":"2023-04-16T22:32:16","slug":"gender101","status":"publish","type":"page","link":"https:\/\/www.gender101.eu\/gender101\/","title":{"rendered":"GENDER 101"},"content":{"rendered":"\r\n<figure class=\"wp-block-image size-full\"><img decoding=\"async\" loading=\"lazy\" width=\"95\" height=\"147\" class=\"wp-image-592\" src=\"https:\/\/www.gender101.eu\/wp-content\/uploads\/2023\/04\/Ico_Results-1.png\" alt=\"\" \/><\/figure>\r\n\r\n\r\n\r\n\r\nIl-pro\u0121ett GENDER 101 \u201cL-i\u017cvilupp ta\u2019 g\u0127odod innovattivi dwar id-diversit\u00e0 tal-\u0121eneri g\u0127all-\u0121enituri u l-edukaturi tal-adulti\u201d jappo\u0121\u0121ja l-prijorit\u00e0 tal-inklu\u017cjoni u d-diversit\u00e0 fl-oqsma kollha tal-edukazzjoni, it-ta\u0127ri\u0121, i\u017c-\u017cg\u0127a\u017cag\u0127 u l-isport billi ja\u0127dem lejn \u0121enituri u edukaturi\/\u0127arrie\u0121a tal-adulti li huma aktar mg\u0127ammra biex ta\u0127dem ma&#8217; individwi b&#8217;diversi \u0121eneri. Il-\u0127olqien ta\u2019 aktar g\u0127arfien u l-avvanz tal-g\u0127arfien dwar identitajiet differenti tal-\u0121eneru u n-natura kumplessa ta\u2019 dan is-su\u0121\u0121ett se jippermettu \u0127iliet akbar u appro\u010b\u010b aktar \u0127olistiku tal-\u0121enituri lejn tfal b\u2019diversi sessi kif ukoll edukaturi adulti li jistg\u0127u jappo\u0121\u0121jaw lil dawn il-\u0121enituri.<BR \/> <BR \/>\r\n\r\n\r\n\r\n\r\n<figure class=\"wp-block-image size-large\"><img decoding=\"async\" loading=\"lazy\" width=\"1024\" height=\"576\" class=\"wp-image-588\" src=\"https:\/\/www.gender101.eu\/wp-content\/uploads\/2023\/04\/mother-2935723-1024x576.jpg\" alt=\"\" srcset=\"https:\/\/www.gender101.eu\/wp-content\/uploads\/2023\/04\/mother-2935723-1024x576.jpg 1024w, https:\/\/www.gender101.eu\/wp-content\/uploads\/2023\/04\/mother-2935723-300x169.jpg 300w, https:\/\/www.gender101.eu\/wp-content\/uploads\/2023\/04\/mother-2935723-768x432.jpg 768w, https:\/\/www.gender101.eu\/wp-content\/uploads\/2023\/04\/mother-2935723-1536x864.jpg 1536w, https:\/\/www.gender101.eu\/wp-content\/uploads\/2023\/04\/mother-2935723-2048x1152.jpg 2048w\" sizes=\"(max-width: 1024px) 100vw, 1024px\" \/><\/figure>\r\n","protected":false},"excerpt":{"rendered":"<p>Il-pro\u0121ett GENDER 101 \u201cL-i\u017cvilupp ta\u2019 g\u0127odod innovattivi dwar id-diversit\u00e0 tal-\u0121eneri g\u0127all-\u0121enituri u l-edukaturi tal-adulti\u201d jappo\u0121\u0121ja l-prijorit\u00e0 tal-inklu\u017cjoni u d-diversit\u00e0 fl-oqsma kollha tal-edukazzjoni, it-ta\u0127ri\u0121, i\u017c-\u017cg\u0127a\u017cag\u0127 u l-isport billi ja\u0127dem lejn \u0121enituri u edukaturi\/\u0127arrie\u0121a tal-adulti li huma aktar mg\u0127ammra biex ta\u0127dem ma&#8217; individwi b&#8217;diversi \u0121eneri. Il-\u0127olqien ta\u2019 aktar g\u0127arfien u l-avvanz tal-g\u0127arfien dwar identitajiet differenti tal-\u0121eneru u [&hellip;]<\/p>\n","protected":false},"author":3,"featured_media":592,"parent":0,"menu_order":0,"comment_status":"closed","ping_status":"closed","template":"","meta":{"pgc_sgb_lightbox_settings":""},"_links":{"self":[{"href":"https:\/\/www.gender101.eu\/wp-json\/wp\/v2\/pages\/2"}],"collection":[{"href":"https:\/\/www.gender101.eu\/wp-json\/wp\/v2\/pages"}],"about":[{"href":"https:\/\/www.gender101.eu\/wp-json\/wp\/v2\/types\/page"}],"author":[{"embeddable":true,"href":"https:\/\/www.gender101.eu\/wp-json\/wp\/v2\/users\/3"}],"replies":[{"embeddable":true,"href":"https:\/\/www.gender101.eu\/wp-json\/wp\/v2\/comments?post=2"}],"version-history":[{"count":18,"href":"https:\/\/www.gender101.eu\/wp-json\/wp\/v2\/pages\/2\/revisions"}],"predecessor-version":[{"id":595,"href":"https:\/\/www.gender101.eu\/wp-json\/wp\/v2\/pages\/2\/revisions\/595"}],"wp:featuredmedia":[{"embeddable":true,"href":"https:\/\/www.gender101.eu\/wp-json\/wp\/v2\/media\/592"}],"wp:attachment":[{"href":"https:\/\/www.gender101.eu\/wp-json\/wp\/v2\/media?parent=2"}],"curies":[{"name":"wp","href":"https:\/\/api.w.org\/{rel}","templated":true}]}}