{"id":90,"date":"2021-04-15T11:25:54","date_gmt":"2021-04-15T09:25:54","guid":{"rendered":"https:\/\/tedi.staging.janus.it\/?page_id=90"},"modified":"2023-04-17T22:51:03","modified_gmt":"2023-04-17T20:51:03","slug":"results","status":"publish","type":"page","link":"https:\/\/www.gender101.eu\/results\/","title":{"rendered":"Rezultatai"},"content":{"rendered":"\r\n<figure class=\"wp-block-image size-full\"><img decoding=\"async\" loading=\"lazy\" width=\"95\" height=\"147\" class=\"wp-image-592\" src=\"https:\/\/www.gender101.eu\/wp-content\/uploads\/2023\/04\/Ico_Results-1.png\" alt=\"\" \/><\/figure>\r\n\r\n\r\n\r\n\r\nGENDER 101 pagerins auk\u0161tos kokyb\u0117s mokymosi galimybi\u0173 suaugusiems prieinamum\u0105, <strong>sukurdami meistri\u0161kumo kursus, mokymus ir priemones suaugusi\u0173j\u0173 t\u0117vams ir suaugusi\u0173j\u0173 \u0161viet\u0117jams,<\/strong> kuri\u0173 jie \u012fgis per \u0161\u012f projekt\u0105 ir naudodamiesi sukurtomis priemon\u0117mis. \r\n<br \/><br \/>Tod\u0117l projektas taip pat remia mokyklin\u012f ugdym\u0105, nes suaugusi\u0173j\u0173 \u0161viet\u0117jai ir specialistai, kurie taip pat gali dirbti \u0161vietimo \u012fstaigose, gali geriau palaikyti \u012ftraukesn\u0119 mokymosi aplink\u0105. \u0160ios mokymo priemon\u0117s leis geriau suprasti ly\u010di\u0173 \u012fvairov\u0119 ir besimokantiesiems, ir mokytojo profesijos atstovams, taiga leis sukurti geresn\u0119 aplink\u0105, kuri skatint\u0173 \u012fvairov\u0119 ir \u012ftraukt\u012f kaip pagrindinius aspektus mokymosi erdv\u0117se.<br \/><br \/>\r\n\r\n\r\n\r\n\r\n<figure class=\"wp-block-image size-large\"><img decoding=\"async\" loading=\"lazy\" width=\"1024\" height=\"611\" class=\"wp-image-410\" src=\"https:\/\/www.gender101.eu\/wp-content\/uploads\/2023\/01\/travel-933171-1024x611.jpg\" alt=\"\" srcset=\"https:\/\/www.gender101.eu\/wp-content\/uploads\/2023\/01\/travel-933171-1024x611.jpg 1024w, https:\/\/www.gender101.eu\/wp-content\/uploads\/2023\/01\/travel-933171-300x179.jpg 300w, https:\/\/www.gender101.eu\/wp-content\/uploads\/2023\/01\/travel-933171-768x458.jpg 768w, https:\/\/www.gender101.eu\/wp-content\/uploads\/2023\/01\/travel-933171-1536x917.jpg 1536w, https:\/\/www.gender101.eu\/wp-content\/uploads\/2023\/01\/travel-933171-2048x1222.jpg 2048w\" sizes=\"(max-width: 1024px) 100vw, 1024px\" \/><\/figure>\r\n","protected":false},"excerpt":{"rendered":"<p>GENDER 101 pagerins auk\u0161tos kokyb\u0117s mokymosi galimybi\u0173 suaugusiems prieinamum\u0105, sukurdami meistri\u0161kumo kursus, mokymus ir priemones suaugusi\u0173j\u0173 t\u0117vams ir suaugusi\u0173j\u0173 \u0161viet\u0117jams, kuri\u0173 jie \u012fgis per \u0161\u012f projekt\u0105 ir naudodamiesi sukurtomis priemon\u0117mis. Tod\u0117l projektas taip pat remia mokyklin\u012f ugdym\u0105, nes suaugusi\u0173j\u0173 \u0161viet\u0117jai ir specialistai, kurie taip pat gali dirbti \u0161vietimo \u012fstaigose, gali geriau palaikyti \u012ftraukesn\u0119 mokymosi aplink\u0105. [&hellip;]<\/p>\n","protected":false},"author":1,"featured_media":0,"parent":0,"menu_order":0,"comment_status":"closed","ping_status":"closed","template":"","meta":{"pgc_sgb_lightbox_settings":""},"_links":{"self":[{"href":"https:\/\/www.gender101.eu\/wp-json\/wp\/v2\/pages\/90"}],"collection":[{"href":"https:\/\/www.gender101.eu\/wp-json\/wp\/v2\/pages"}],"about":[{"href":"https:\/\/www.gender101.eu\/wp-json\/wp\/v2\/types\/page"}],"author":[{"embeddable":true,"href":"https:\/\/www.gender101.eu\/wp-json\/wp\/v2\/users\/1"}],"replies":[{"embeddable":true,"href":"https:\/\/www.gender101.eu\/wp-json\/wp\/v2\/comments?post=90"}],"version-history":[{"count":9,"href":"https:\/\/www.gender101.eu\/wp-json\/wp\/v2\/pages\/90\/revisions"}],"predecessor-version":[{"id":696,"href":"https:\/\/www.gender101.eu\/wp-json\/wp\/v2\/pages\/90\/revisions\/696"}],"wp:attachment":[{"href":"https:\/\/www.gender101.eu\/wp-json\/wp\/v2\/media?parent=90"}],"curies":[{"name":"wp","href":"https:\/\/api.w.org\/{rel}","templated":true}]}}