{"id":423,"date":"2023-01-21T16:47:27","date_gmt":"2023-01-21T15:47:27","guid":{"rendered":"https:\/\/www.gender101.eu\/?page_id=423"},"modified":"2023-08-10T11:24:23","modified_gmt":"2023-08-10T09:24:23","slug":"about-us","status":"publish","type":"page","link":"https:\/\/www.gender101.eu\/about-us\/","title":{"rendered":"Apie mus"},"content":{"rendered":"\r\n\r\n\r\n\r\n\r\n<h2>Koordinatorius<\/h2>\r\n\r\n\r\n\r\n<figure class=\"wp-block-image size-large is-resized\"><img decoding=\"async\" loading=\"lazy\" class=\"wp-image-457\" src=\"https:\/\/www.gender101.eu\/wp-content\/uploads\/2023\/04\/willingness_Clinic_Logos-04-1024x351.png\" alt=\"\" width=\"269\" height=\"92\" srcset=\"https:\/\/www.gender101.eu\/wp-content\/uploads\/2023\/04\/willingness_Clinic_Logos-04-1024x351.png 1024w, https:\/\/www.gender101.eu\/wp-content\/uploads\/2023\/04\/willingness_Clinic_Logos-04-300x103.png 300w, https:\/\/www.gender101.eu\/wp-content\/uploads\/2023\/04\/willingness_Clinic_Logos-04-768x263.png 768w, https:\/\/www.gender101.eu\/wp-content\/uploads\/2023\/04\/willingness_Clinic_Logos-04-1536x527.png 1536w, https:\/\/www.gender101.eu\/wp-content\/uploads\/2023\/04\/willingness_Clinic_Logos-04-2048x702.png 2048w\" sizes=\"(max-width: 269px) 100vw, 269px\" \/><\/figure>\r\n\r\n\r\n\r\n\r\n<a href=\"http:\/\/www.willingness.com.mt\">www.willingness.com.mt<\/a>\r\n\r\n\r\n\r\n\r\n\r\n<strong>Willingness <\/strong>buvo \u012fsteigtas 2011 m., siekiant teikti holistines paslaugas \u0161eimos, sekso ir sveikatos srityse. Willingness komanda yra tarpdisciplinin\u0117 komanda, kuri\u0105 sudaro \u012fvairi\u0173 sri\u010di\u0173 specialistai, turintys patirties terapijos, medicinos, \u0161vietimo ar socialin\u0117je srityje. M\u016bs\u0173 misija &#8211; suburti specialistus ir studentus kovai su psichikos sveikatos stigma, skatinant &#8222;nor\u0105 prisitaikyti&#8221;. M\u016bs\u0173 vizija &#8211; atspari save pa\u017e\u012fstanti visuomen\u0117, gebanti veiksmingai spr\u0119sti psichikos sveikatos problemas ir lengviau prisitaikyti prie gyvenimo negand\u0173. Siekdami to, vadovaujam\u0117s tokiomis vertyb\u0117mis kaip profesionalumas, prieinamumas, \u012frodymais pagr\u012fsta praktika ir komanda. Willingness veikia Ly\u010di\u0173 klinikoje, padedan\u010dioje spektro \u017emon\u0117ms siekti konkre\u010di\u0173 tiksl\u0173. Teikiame balso terapij\u0105, kalb\u0117jimo terapij\u0105 ir kou\u010ding\u0105, kad klientai gal\u0117t\u0173 ugdyti savo autenti\u0161k\u0105j\u012f &#8222;a\u0161&#8221;. Tai darome ir per psichologines terapijas, susijusias su lyties klausimais, pavyzd\u017eiui, lytin\u0117s tapatyb\u0117s tyrin\u0117jim\u0105.\r\n\r\n\r\n\r\n\r\n\r\n\r\n\r\n\r\n<h2>Partneriai<\/h2>\r\n\r\n\r\n\r\n\r\n\r\n\r\n\r\n<figure class=\"wp-block-image size-full is-resized\"><img decoding=\"async\" loading=\"lazy\" class=\"wp-image-336\" src=\"https:\/\/www.gender101.eu\/wp-content\/uploads\/2023\/01\/MB-Logo-Copy.jpg\" alt=\"MintiesBites\" width=\"162\" height=\"129\" srcset=\"https:\/\/www.gender101.eu\/wp-content\/uploads\/2023\/01\/MB-Logo-Copy.jpg 688w, https:\/\/www.gender101.eu\/wp-content\/uploads\/2023\/01\/MB-Logo-Copy-300x239.jpg 300w\" sizes=\"(max-width: 162px) 100vw, 162px\" \/><\/figure>\r\n\r\n\r\n\r\n\r\n<a href=\"http:\/\/www.mbites.lt\">www.mbites.lt<\/a>\r\n\r\n\r\n\r\n\r\n\r\n<strong>Asociacija MINTIES BIT\u0116S<\/strong> \u012fkurta 2012 metais, siekiant telkti organizacijas ir asmenis bendram visuomenei naudingos veiklos vykdymui. U\u017etikrinti socialiai pa\u017eeid\u017eiam\u0173 asmen\u0173\/grupi\u0173 socialin\u0119 integracij\u0105, siekiant lygi\u0173 teisi\u0173 bei galimybi\u0173. Vystyti socialini\u0173 problem\u0173 prevencijos priemones. Asociacija rengia, kuria ir \u012fgyvendina \u012fvairius profesinio, kvalifikacinio tobulinimo, neformaliojo mokymo programas, metodines med\u017eiagas, projektus, socialin\u0117s partneryst\u0117s tinklus specialistams ir kitoms visuomen\u0117s grup\u0117ms ir asmenims.\r\n\r\n\r\n\r\n\r\n<figure class=\"wp-block-image size-large is-resized\"><img decoding=\"async\" loading=\"lazy\" class=\"wp-image-462\" src=\"https:\/\/www.gender101.eu\/wp-content\/uploads\/2023\/04\/nowe-logo-wsbinoz-e1681393204396-1024x301.png\" alt=\"\" width=\"416\" height=\"121\" srcset=\"https:\/\/www.gender101.eu\/wp-content\/uploads\/2023\/04\/nowe-logo-wsbinoz-e1681393204396-1024x301.png 1024w, https:\/\/www.gender101.eu\/wp-content\/uploads\/2023\/04\/nowe-logo-wsbinoz-e1681393204396-300x88.png 300w, https:\/\/www.gender101.eu\/wp-content\/uploads\/2023\/04\/nowe-logo-wsbinoz-e1681393204396-768x225.png 768w, https:\/\/www.gender101.eu\/wp-content\/uploads\/2023\/04\/nowe-logo-wsbinoz-e1681393204396-1536x451.png 1536w, https:\/\/www.gender101.eu\/wp-content\/uploads\/2023\/04\/nowe-logo-wsbinoz-e1681393204396-2048x601.png 2048w\" sizes=\"(max-width: 416px) 100vw, 416px\" \/><\/figure>\r\n\r\n\r\n\r\n\r\n<a href=\"http:\/\/www.wsbinoz.edu.pl\/\" target=\"_blank\" rel=\"noreferrer noopener\">www.wsbinoz.edu.pl<\/a>\r\n\r\n\r\n\r\n\r\n\r\n<strong>WY\u017bSZA SZKO\u0141A BIZNESU I NAUK O ZDROWIU<\/strong> (WSBINOZ) yra pirmoji nevalstybin\u0117 auk\u0161toji mokykla centrin\u0117je Lenkijoje, si\u016blanti su sveikata ir medicina susijusias studijas, taip pat verslo ir pedagogikos fakultetus. Pasaulinio lygio mokyklos infrastrukt\u016bra ir i\u0161skirtin\u0117 mokymo atmosfera, kuri\u0105 skatina labai kompetentingi ir labiausiai pasi\u017eym\u0117j\u0119 specialistai, praktikai ir akademiniai d\u0117stytojai, garantuoja unikali\u0105 ir ambicing\u0105 mokymo program\u0105, teorines \u017einias ir praktinius \u012fg\u016bd\u017eius, taip trok\u0161tamus profesiniame gyvenime. Jaunuoliai mokomi, kaip pasinaudoti \u012fgytais \u012fg\u016bd\u017eiais ir \u017einiomis, taip pat kaip toliau tobulinti asmeninius geb\u0117jimus ir tapti profesi\u0161kai s\u0117kmingais. WSBINOZ atlieka svarb\u0173 vaidmen\u012f vietos \u0161vietimo rinkoje organizuodamas papildomus teminius kursus socialiai remtinoms grup\u0117ms. Jos tikslas &#8211; bendradarbiauti su vietos, regionin\u0117mis ir nacionalin\u0117mis vald\u017eios institucijomis, siekiant rengti teminius seminarus ir praktinius u\u017esi\u0117mimus bei pritraukti tikslines grupes.\r\n\r\n\r\n\r\n\r\n\r\n\r\n\r\n\r\n\r\n\r\n\r\n\r\n<figure class=\"wp-block-image size-large is-resized\"><img decoding=\"async\" loading=\"lazy\" class=\"wp-image-338\" src=\"https:\/\/www.gender101.eu\/wp-content\/uploads\/2023\/01\/fip-2048x1366-1-1024x683.png\" alt=\"FutureInPerspective\" width=\"217\" height=\"144\" srcset=\"https:\/\/www.gender101.eu\/wp-content\/uploads\/2023\/01\/fip-2048x1366-1-1024x683.png 1024w, https:\/\/www.gender101.eu\/wp-content\/uploads\/2023\/01\/fip-2048x1366-1-300x200.png 300w, https:\/\/www.gender101.eu\/wp-content\/uploads\/2023\/01\/fip-2048x1366-1-768x512.png 768w, https:\/\/www.gender101.eu\/wp-content\/uploads\/2023\/01\/fip-2048x1366-1-1536x1025.png 1536w, https:\/\/www.gender101.eu\/wp-content\/uploads\/2023\/01\/fip-2048x1366-1.png 2048w\" sizes=\"(max-width: 217px) 100vw, 217px\" \/><\/figure>\r\n\r\n\r\n\r\n\r\n<a href=\"http:\/\/www.futureinperspective.com\">www.futureinperspective.com<\/a>\r\n\r\n\r\n\r\n\r\n\r\n<strong>Future in Perspective<\/strong> Ltd. (FIP) yra privati \u012fmon\u0117, \u012fsik\u016brusi Airijos pasienio regione ir besispecializuojanti \u0161vietimo ir e. mokymosi, \u017einiasklaidos produkcijos, skaitmenin\u0117s sveikatos ir darbo su jaunimu srityse. Dirbdama su nacionaliniais ir ES finansuojamais projektais,\r\n\u012ftrauk\u0117me ir pad\u0117jome vietos jaunimo grup\u0117ms, migrant\u0173 bendruomen\u0117ms ir asmenims, kurie nedalyvavo \u0161vietimo sistemoje, v\u0117l \u012fsitraukti \u012f paslaug\u0173 teik\u0117j\u0173 veikl\u0105 ir pagrindinius \u0161vietimo ir mokymo pasi\u016blymus. FIP, si\u016blydama paslaugas, naudoja naujausias technologijas ir taip ugdo tiesiogiai dirban\u010di\u0173 jaunimo reikal\u0173 specialist\u0173 \u012fg\u016bd\u017eius\r\nir savanori\u0173 geb\u0117jimus, kad jaunimo tikslini\u0173 grupi\u0173 nariai gal\u0117t\u0173 tobulinti savo pagrindines kompetencijas unikalioje mokymosi veikloje ir mi\u0161rioje mokymosi aplinkoje. Be to, bendradarbiaudami su jaunais \u017emon\u0117mis, teik\u0117me \u012fvairias\r\nprogramas \u017einiasklaidos gamybos, klimato \u0161vietimo, psichikos sveikatos ir gerov\u0117s bei karjeros valdymo srityse &#8211; taip remdami naujos kartos k\u016brybingus \u017emones.\r\nk\u016brybing\u0173 \u017emoni\u0173, kad jie gal\u0117t\u0173 kurti ir i\u0161laikyti s\u0117kming\u0105 karjer\u0105 \u0161iame sektoriuje.<br \/><br \/>\r\n\r\n\r\n\r\n\r\n\r\n\r\n\r\n\r\n<figure class=\"wp-block-image size-large is-resized\"><img decoding=\"async\" loading=\"lazy\" class=\"wp-image-445\" src=\"https:\/\/www.gender101.eu\/wp-content\/uploads\/2023\/01\/JanusOcol-1024x161.png\" alt=\"JANUS\" width=\"293\" height=\"46\" srcset=\"https:\/\/www.gender101.eu\/wp-content\/uploads\/2023\/01\/JanusOcol-1024x161.png 1024w, https:\/\/www.gender101.eu\/wp-content\/uploads\/2023\/01\/JanusOcol-300x47.png 300w, https:\/\/www.gender101.eu\/wp-content\/uploads\/2023\/01\/JanusOcol-768x121.png 768w, https:\/\/www.gender101.eu\/wp-content\/uploads\/2023\/01\/JanusOcol-1536x242.png 1536w, https:\/\/www.gender101.eu\/wp-content\/uploads\/2023\/01\/JanusOcol.png 2000w\" sizes=\"(max-width: 293px) 100vw, 293px\" \/><\/figure>\r\n\r\n\r\n\r\n\r\n<a href=\"http:\/\/www.janus.it\/\">www.janus.it<\/a><br \/><br \/>\r\n\r\n\r\n\r\n\r\n\r\n<strong>JANUS<\/strong> yra privati Italijos \u012fmon\u0117, kurianti ir pl\u0117tojanti inovatyvi\u0105 programin\u0119 \u012frang\u0105, skirt\u0105 vie\u0161osioms ir priva\u010dioms \u012fstaigoms, kult\u016bros, mokymo, \u0161vietimo ir verslo sritims. JANUS u\u017etikrina savo produkt\u0173 suderinamum\u0105 su bet kokio tipo tinklu (internetu, intranetu ir (arba) ekstranetu). \u012emon\u0117s teikiamos paslaugos taip pat apima grafin\u012f dizain\u0105 ir skaitmenin\u0117s ir (arba) daugialyp\u0117s terp\u0117s produkcij\u0105. Visoms JANUS paslaugoms teikiama pagalba, techniniai vadovai ir mokymai. Tarp s\u0117kmingos JANUS produkcijos yra &#8222;AmaMusei&#8221; ir &#8222;Amacitt\u00e0&#8221;, kuri\u0105 sudaro integruota platforma ir program\u0117l\u0117s, pagr\u012fstos BAC &#8211; Beacon Access Control. Abu produktai pla\u010diai naudojami daugelyje Italijos muziej\u0173 ir savivaldybi\u0173. JANUS r\u0117m\u0117 ir remia Europos projektus &#8222;Eramus+&#8221; auk\u0161tojo mokslo, profesinio mokymo ir suaugusi\u0173j\u0173 srityse.\r\n\r\n\r\n\r\n\r\n\r\n\r\n\r\n\r\n<figure class=\"wp-block-image size-large is-resized\"><img decoding=\"async\" loading=\"lazy\" class=\"wp-image-337\" src=\"https:\/\/www.gender101.eu\/wp-content\/uploads\/2023\/01\/SBS-red-1-e1674298661115-1024x827.png\" alt=\"StepByStep\" width=\"285\" height=\"230\" srcset=\"https:\/\/www.gender101.eu\/wp-content\/uploads\/2023\/01\/SBS-red-1-e1674298661115-1024x827.png 1024w, https:\/\/www.gender101.eu\/wp-content\/uploads\/2023\/01\/SBS-red-1-e1674298661115-300x242.png 300w, https:\/\/www.gender101.eu\/wp-content\/uploads\/2023\/01\/SBS-red-1-e1674298661115-768x620.png 768w, https:\/\/www.gender101.eu\/wp-content\/uploads\/2023\/01\/SBS-red-1-e1674298661115.png 1337w\" sizes=\"(max-width: 285px) 100vw, 285px\" \/><\/figure>\r\n\r\n\r\n\r\n\r\n<a href=\"http:\/\/www.urkpk.org\">www.urkpk.org<\/a>\r\n\r\n\r\n\r\n\r\n\r\nT\u0117v\u0173 asociacija <strong>Step by step<\/strong> yra nevyriausybin\u0117 ir pelno nesiekianti asociacija, kurios pagrindinis tikslas &#8211; skatinti \u012f vaikus orientuotos bendruomen\u0117s vertybes. Tokia visuomen\u0117 vaikus suvokia kaip vertingiausi\u0105 savo turt\u0105 ir sukuria prioritet\u0105 j\u0173 gerovei, vystymuisi ir ugdymui. Be to, t\u0117vyst\u0117s vertyb\u0117s atk\u016brimas laikomas galimybe suderinti darb\u0105 ir r\u016bpinim\u0105si vaikais, kartu darant visk\u0105, kas \u012fmanoma, kad t\u0117vyst\u0117 b\u016bt\u0173 prad\u0117ta vertinti ir palengvinta. Asociacijos veikla apima: vaik\u0173 ir j\u0173 \u0161eim\u0173 teisi\u0173 \u012f garbing\u0105 gyvenim\u0105 propagavim\u0105; bendradarbiavim\u0105 su ikimokyklinio ugdymo \u012fstaigomis, mokyklomis ir kitomis vaikais ir \u0161eimomis besir\u016bpinan\u010diomis institucijomis; bendras asociacijos nari\u0173 pastangas prie\u0161 vald\u017eios institucijas, \u012fstaigas ir vietos bendruomenes; bendradarbiavim\u0105 su \u0161alies ir u\u017esienio organizacijomis ir donoryst\u0117s skatinim\u0105 ir\r\nr\u0117mimo veikl\u0105.\r\n\r\n","protected":false},"excerpt":{"rendered":"<p>Koordinatorius www.willingness.com.mt Willingness buvo \u012fsteigtas 2011 m., siekiant teikti holistines paslaugas \u0161eimos, sekso ir sveikatos srityse. Willingness komanda yra tarpdisciplinin\u0117 komanda, kuri\u0105 sudaro \u012fvairi\u0173 sri\u010di\u0173 specialistai, turintys patirties terapijos, medicinos, \u0161vietimo ar socialin\u0117je srityje. M\u016bs\u0173 misija &#8211; suburti specialistus ir studentus kovai su psichikos sveikatos stigma, skatinant &#8222;nor\u0105 prisitaikyti&#8221;. M\u016bs\u0173 vizija &#8211; atspari save pa\u017e\u012fstanti [&hellip;]<\/p>\n","protected":false},"author":3,"featured_media":0,"parent":0,"menu_order":0,"comment_status":"closed","ping_status":"closed","template":"","meta":{"pgc_sgb_lightbox_settings":""},"_links":{"self":[{"href":"https:\/\/www.gender101.eu\/wp-json\/wp\/v2\/pages\/423"}],"collection":[{"href":"https:\/\/www.gender101.eu\/wp-json\/wp\/v2\/pages"}],"about":[{"href":"https:\/\/www.gender101.eu\/wp-json\/wp\/v2\/types\/page"}],"author":[{"embeddable":true,"href":"https:\/\/www.gender101.eu\/wp-json\/wp\/v2\/users\/3"}],"replies":[{"embeddable":true,"href":"https:\/\/www.gender101.eu\/wp-json\/wp\/v2\/comments?post=423"}],"version-history":[{"count":13,"href":"https:\/\/www.gender101.eu\/wp-json\/wp\/v2\/pages\/423\/revisions"}],"predecessor-version":[{"id":1103,"href":"https:\/\/www.gender101.eu\/wp-json\/wp\/v2\/pages\/423\/revisions\/1103"}],"wp:attachment":[{"href":"https:\/\/www.gender101.eu\/wp-json\/wp\/v2\/media?parent=423"}],"curies":[{"name":"wp","href":"https:\/\/api.w.org\/{rel}","templated":true}]}}