{"id":397,"date":"2023-01-21T15:34:19","date_gmt":"2023-01-21T14:34:19","guid":{"rendered":"https:\/\/www.gender101.eu\/?page_id=397"},"modified":"2023-04-17T22:50:26","modified_gmt":"2023-04-17T20:50:26","slug":"objectives","status":"publish","type":"page","link":"https:\/\/www.gender101.eu\/objectives\/","title":{"rendered":"Tikslai"},"content":{"rendered":"\r\n<figure class=\"wp-block-image size-full\"><img decoding=\"async\" loading=\"lazy\" width=\"95\" height=\"147\" class=\"wp-image-592\" src=\"https:\/\/www.gender101.eu\/wp-content\/uploads\/2023\/04\/Ico_Results-1.png\" alt=\"\" \/><\/figure>\r\n\r\n\r\n\r\n\r\nGENDER 101 pad\u0117s \u012fveikti kli\u016btis, su kuriomis susiduria t\u0117vai, turintys ly\u010di\u0173 \u012fvairov\u0117s vaikus, kad gal\u0117t\u0173 naudotis projekto programos teikiamomis galimyb\u0117mis. \u012egyvendindami \u0161\u012f projekt\u0105, projekto partneriai sieks sukurti \u012ftrauki\u0105 aplink\u0105, kuri skatint\u0173 teisingum\u0105 ir lygyb\u0119 bei atitikt\u0173 platesn\u0117s bendruomen\u0117s poreikius. Tokios priemon\u0117s apima skaitmenini\u0173 priemoni\u0173 ir i\u0161tekli\u0173 naudojim\u0105, kurie bus sukurti \u012fgyvendinant projekt\u0105, kuriais bus galima naudotis ir pasibaigus projekto laikotarpiui. <br \/><br \/>\r\n\r\n\r\n\r\n\r\n<figure class=\"wp-block-image size-large\"><img decoding=\"async\" loading=\"lazy\" width=\"1024\" height=\"683\" class=\"wp-image-427\" src=\"https:\/\/www.gender101.eu\/wp-content\/uploads\/2023\/01\/family-7392843-1024x683.jpg\" alt=\"\" srcset=\"https:\/\/www.gender101.eu\/wp-content\/uploads\/2023\/01\/family-7392843-1024x683.jpg 1024w, https:\/\/www.gender101.eu\/wp-content\/uploads\/2023\/01\/family-7392843-300x200.jpg 300w, https:\/\/www.gender101.eu\/wp-content\/uploads\/2023\/01\/family-7392843-768x512.jpg 768w, https:\/\/www.gender101.eu\/wp-content\/uploads\/2023\/01\/family-7392843-1536x1024.jpg 1536w, https:\/\/www.gender101.eu\/wp-content\/uploads\/2023\/01\/family-7392843-2048x1365.jpg 2048w\" sizes=\"(max-width: 1024px) 100vw, 1024px\" \/><\/figure>\r\n","protected":false},"excerpt":{"rendered":"<p>GENDER 101 pad\u0117s \u012fveikti kli\u016btis, su kuriomis susiduria t\u0117vai, turintys ly\u010di\u0173 \u012fvairov\u0117s vaikus, kad gal\u0117t\u0173 naudotis projekto programos teikiamomis galimyb\u0117mis. \u012egyvendindami \u0161\u012f projekt\u0105, projekto partneriai sieks sukurti \u012ftrauki\u0105 aplink\u0105, kuri skatint\u0173 teisingum\u0105 ir lygyb\u0119 bei atitikt\u0173 platesn\u0117s bendruomen\u0117s poreikius. Tokios priemon\u0117s apima skaitmenini\u0173 priemoni\u0173 ir i\u0161tekli\u0173 naudojim\u0105, kurie bus sukurti \u012fgyvendinant projekt\u0105, kuriais bus galima [&hellip;]<\/p>\n","protected":false},"author":3,"featured_media":0,"parent":0,"menu_order":0,"comment_status":"closed","ping_status":"closed","template":"","meta":{"pgc_sgb_lightbox_settings":""},"_links":{"self":[{"href":"https:\/\/www.gender101.eu\/wp-json\/wp\/v2\/pages\/397"}],"collection":[{"href":"https:\/\/www.gender101.eu\/wp-json\/wp\/v2\/pages"}],"about":[{"href":"https:\/\/www.gender101.eu\/wp-json\/wp\/v2\/types\/page"}],"author":[{"embeddable":true,"href":"https:\/\/www.gender101.eu\/wp-json\/wp\/v2\/users\/3"}],"replies":[{"embeddable":true,"href":"https:\/\/www.gender101.eu\/wp-json\/wp\/v2\/comments?post=397"}],"version-history":[{"count":7,"href":"https:\/\/www.gender101.eu\/wp-json\/wp\/v2\/pages\/397\/revisions"}],"predecessor-version":[{"id":695,"href":"https:\/\/www.gender101.eu\/wp-json\/wp\/v2\/pages\/397\/revisions\/695"}],"wp:attachment":[{"href":"https:\/\/www.gender101.eu\/wp-json\/wp\/v2\/media?parent=397"}],"curies":[{"name":"wp","href":"https:\/\/api.w.org\/{rel}","templated":true}]}}