{"id":2,"date":"2021-03-01T14:29:14","date_gmt":"2021-03-01T13:29:14","guid":{"rendered":"http:\/\/tedi.dev.janus.it\/?page_id=2"},"modified":"2023-04-17T00:32:16","modified_gmt":"2023-04-16T22:32:16","slug":"gender101","status":"publish","type":"page","link":"https:\/\/www.gender101.eu\/gender101\/","title":{"rendered":"GENDER 101"},"content":{"rendered":"\r\n<figure class=\"wp-block-image size-full\"><img decoding=\"async\" loading=\"lazy\" width=\"95\" height=\"147\" class=\"wp-image-592\" src=\"https:\/\/www.gender101.eu\/wp-content\/uploads\/2023\/04\/Ico_Results-1.png\" alt=\"\" \/><\/figure>\r\n\r\n\r\n\r\n\r\nProjektas GENDER 101 \u201cInovatyvaus \u012frankio t\u0117vams ir suaugusi\u0173j\u0173 \u0161viet\u0117jams apie ly\u010di\u0173 \u012fvairov\u0119 k\u016brimas\u201d skatina \u012ftraukim\u0105 ir \u012fvairov\u0119 \u0161vietimo, mokymo, jaunimo ir sporto srityse, dirbdami su t\u0117vais ir suaugusi\u0173j\u0173 \u0161viet\u0117jais\/specialistais, kad b\u016bt\u0173 pasireng\u0119 darbui su ly\u010di\u0173 \u012fvairov\u0117s asmenimis. Kuriant daugiau informuotumo ir ple\u010diant \u017einias apie skirtingas ly\u010di\u0173 tapatybes ir sud\u0117ting\u0105 \u0161ios temos pob\u016bd\u012f, t\u0117vai \u012fgis daugiau \u012fg\u016bd\u017ei\u0173 ir visapusi\u0161kesn\u012f po\u017ei\u016br\u012f \u012f ly\u010di\u0173 \u012fvairov\u0117s vaikus, taip pat suaugusi\u0173j\u0173 \u0161viet\u0117jai ir (arba) specialistai, galintys pad\u0117ti \u0161iems t\u0117vams. <br \/><br \/>\r\n\r\n\r\n\r\n<figure class=\"wp-block-image size-large\"><img decoding=\"async\" loading=\"lazy\" width=\"1024\" height=\"576\" class=\"wp-image-588\" src=\"https:\/\/www.gender101.eu\/wp-content\/uploads\/2023\/04\/mother-2935723-1024x576.jpg\" alt=\"\" srcset=\"https:\/\/www.gender101.eu\/wp-content\/uploads\/2023\/04\/mother-2935723-1024x576.jpg 1024w, https:\/\/www.gender101.eu\/wp-content\/uploads\/2023\/04\/mother-2935723-300x169.jpg 300w, https:\/\/www.gender101.eu\/wp-content\/uploads\/2023\/04\/mother-2935723-768x432.jpg 768w, https:\/\/www.gender101.eu\/wp-content\/uploads\/2023\/04\/mother-2935723-1536x864.jpg 1536w, https:\/\/www.gender101.eu\/wp-content\/uploads\/2023\/04\/mother-2935723-2048x1152.jpg 2048w\" sizes=\"(max-width: 1024px) 100vw, 1024px\" \/><\/figure>\r\n","protected":false},"excerpt":{"rendered":"<p>Projektas GENDER 101 \u201cInovatyvaus \u012frankio t\u0117vams ir suaugusi\u0173j\u0173 \u0161viet\u0117jams apie ly\u010di\u0173 \u012fvairov\u0119 k\u016brimas\u201d skatina \u012ftraukim\u0105 ir \u012fvairov\u0119 \u0161vietimo, mokymo, jaunimo ir sporto srityse, dirbdami su t\u0117vais ir suaugusi\u0173j\u0173 \u0161viet\u0117jais\/specialistais, kad b\u016bt\u0173 pasireng\u0119 darbui su ly\u010di\u0173 \u012fvairov\u0117s asmenimis. Kuriant daugiau informuotumo ir ple\u010diant \u017einias apie skirtingas ly\u010di\u0173 tapatybes ir sud\u0117ting\u0105 \u0161ios temos pob\u016bd\u012f, t\u0117vai \u012fgis daugiau [&hellip;]<\/p>\n","protected":false},"author":3,"featured_media":592,"parent":0,"menu_order":0,"comment_status":"closed","ping_status":"closed","template":"","meta":{"pgc_sgb_lightbox_settings":""},"_links":{"self":[{"href":"https:\/\/www.gender101.eu\/wp-json\/wp\/v2\/pages\/2"}],"collection":[{"href":"https:\/\/www.gender101.eu\/wp-json\/wp\/v2\/pages"}],"about":[{"href":"https:\/\/www.gender101.eu\/wp-json\/wp\/v2\/types\/page"}],"author":[{"embeddable":true,"href":"https:\/\/www.gender101.eu\/wp-json\/wp\/v2\/users\/3"}],"replies":[{"embeddable":true,"href":"https:\/\/www.gender101.eu\/wp-json\/wp\/v2\/comments?post=2"}],"version-history":[{"count":18,"href":"https:\/\/www.gender101.eu\/wp-json\/wp\/v2\/pages\/2\/revisions"}],"predecessor-version":[{"id":595,"href":"https:\/\/www.gender101.eu\/wp-json\/wp\/v2\/pages\/2\/revisions\/595"}],"wp:featuredmedia":[{"embeddable":true,"href":"https:\/\/www.gender101.eu\/wp-json\/wp\/v2\/media\/592"}],"wp:attachment":[{"href":"https:\/\/www.gender101.eu\/wp-json\/wp\/v2\/media?parent=2"}],"curies":[{"name":"wp","href":"https:\/\/api.w.org\/{rel}","templated":true}]}}