{"id":90,"date":"2021-04-15T11:25:54","date_gmt":"2021-04-15T09:25:54","guid":{"rendered":"https:\/\/tedi.staging.janus.it\/?page_id=90"},"modified":"2023-04-17T22:51:03","modified_gmt":"2023-04-17T20:51:03","slug":"results","status":"publish","type":"page","link":"https:\/\/www.gender101.eu\/results\/","title":{"rendered":"Risultati"},"content":{"rendered":"\r\n<figure class=\"wp-block-image size-full\"><img decoding=\"async\" loading=\"lazy\" width=\"95\" height=\"147\" class=\"wp-image-592\" src=\"https:\/\/www.gender101.eu\/wp-content\/uploads\/2023\/04\/Ico_Results-1.png\" alt=\"\" \/><\/figure>\r\n\r\n\r\n\r\n\r\nGENDER 101 migliorer\u00e0 la disponibilit\u00e0 di opportunit\u00e0 di apprendimento di alta qualit\u00e0 per gli adulti attraverso la <strong>creazione di masterclass, formazione e strumenti per genitori ed educatori adulti<\/strong> che riceveranno attraverso questo progetto gli strumenti creati. \r\n<br \/><br \/>\r\nIl progetto sostiene quindi anche l\u2019istruzione scolastica, in quanto gli educatori e i formatori per adulti che lavorano anche in istituti scolastici possono meglio supportare un ambiente di apprendimento pi\u00f9 inclusivo. Questi strumenti di formazione consentiranno una maggiore comprensione degli individui di genere diverso anche per i discenti e per le persone che svolgono la professione di insegnante, consentendo cos\u00ec lo sviluppo di un ambiente migliore che promuova la diversit\u00e0 e l\u2019inclusivit\u00e0 come aspetti chiave all\u2019interno degli spazi di apprendimento.\r\n<br \/><br \/>\r\n\r\n\r\n\r\n\r\n<figure class=\"wp-block-image size-large\"><img decoding=\"async\" loading=\"lazy\" width=\"1024\" height=\"611\" class=\"wp-image-410\" src=\"https:\/\/www.gender101.eu\/wp-content\/uploads\/2023\/01\/travel-933171-1024x611.jpg\" alt=\"\" srcset=\"https:\/\/www.gender101.eu\/wp-content\/uploads\/2023\/01\/travel-933171-1024x611.jpg 1024w, https:\/\/www.gender101.eu\/wp-content\/uploads\/2023\/01\/travel-933171-300x179.jpg 300w, https:\/\/www.gender101.eu\/wp-content\/uploads\/2023\/01\/travel-933171-768x458.jpg 768w, https:\/\/www.gender101.eu\/wp-content\/uploads\/2023\/01\/travel-933171-1536x917.jpg 1536w, https:\/\/www.gender101.eu\/wp-content\/uploads\/2023\/01\/travel-933171-2048x1222.jpg 2048w\" sizes=\"(max-width: 1024px) 100vw, 1024px\" \/><\/figure>\r\n","protected":false},"excerpt":{"rendered":"<p>GENDER 101 migliorer\u00e0 la disponibilit\u00e0 di opportunit\u00e0 di apprendimento di alta qualit\u00e0 per gli adulti attraverso la creazione di masterclass, formazione e strumenti per genitori ed educatori adulti che riceveranno attraverso questo progetto gli strumenti creati. Il progetto sostiene quindi anche l\u2019istruzione scolastica, in quanto gli educatori e i formatori per adulti che lavorano anche [&hellip;]<\/p>\n","protected":false},"author":1,"featured_media":0,"parent":0,"menu_order":0,"comment_status":"closed","ping_status":"closed","template":"","meta":{"pgc_sgb_lightbox_settings":""},"_links":{"self":[{"href":"https:\/\/www.gender101.eu\/wp-json\/wp\/v2\/pages\/90"}],"collection":[{"href":"https:\/\/www.gender101.eu\/wp-json\/wp\/v2\/pages"}],"about":[{"href":"https:\/\/www.gender101.eu\/wp-json\/wp\/v2\/types\/page"}],"author":[{"embeddable":true,"href":"https:\/\/www.gender101.eu\/wp-json\/wp\/v2\/users\/1"}],"replies":[{"embeddable":true,"href":"https:\/\/www.gender101.eu\/wp-json\/wp\/v2\/comments?post=90"}],"version-history":[{"count":9,"href":"https:\/\/www.gender101.eu\/wp-json\/wp\/v2\/pages\/90\/revisions"}],"predecessor-version":[{"id":696,"href":"https:\/\/www.gender101.eu\/wp-json\/wp\/v2\/pages\/90\/revisions\/696"}],"wp:attachment":[{"href":"https:\/\/www.gender101.eu\/wp-json\/wp\/v2\/media?parent=90"}],"curies":[{"name":"wp","href":"https:\/\/api.w.org\/{rel}","templated":true}]}}