{"id":423,"date":"2023-01-21T16:47:27","date_gmt":"2023-01-21T15:47:27","guid":{"rendered":"https:\/\/www.gender101.eu\/?page_id=423"},"modified":"2023-08-10T11:24:23","modified_gmt":"2023-08-10T09:24:23","slug":"about-us","status":"publish","type":"page","link":"https:\/\/www.gender101.eu\/about-us\/","title":{"rendered":"Chi siamo"},"content":{"rendered":"\r\n\r\n\r\n\r\n\r\n<h2>Coordinatore<\/h2>\r\n\r\n\r\n\r\n<figure class=\"wp-block-image size-large is-resized\"><img decoding=\"async\" loading=\"lazy\" class=\"wp-image-457\" src=\"https:\/\/www.gender101.eu\/wp-content\/uploads\/2023\/04\/willingness_Clinic_Logos-04-1024x351.png\" alt=\"\" width=\"269\" height=\"92\" srcset=\"https:\/\/www.gender101.eu\/wp-content\/uploads\/2023\/04\/willingness_Clinic_Logos-04-1024x351.png 1024w, https:\/\/www.gender101.eu\/wp-content\/uploads\/2023\/04\/willingness_Clinic_Logos-04-300x103.png 300w, https:\/\/www.gender101.eu\/wp-content\/uploads\/2023\/04\/willingness_Clinic_Logos-04-768x263.png 768w, https:\/\/www.gender101.eu\/wp-content\/uploads\/2023\/04\/willingness_Clinic_Logos-04-1536x527.png 1536w, https:\/\/www.gender101.eu\/wp-content\/uploads\/2023\/04\/willingness_Clinic_Logos-04-2048x702.png 2048w\" sizes=\"(max-width: 269px) 100vw, 269px\" \/><\/figure>\r\n\r\n\r\n\r\n\r\n<a href=\"http:\/\/www.willingness.com.mt\">www.willingness.com.mt<\/a>\r\n\r\n\r\n\r\n\r\n\r\n<strong>Willingness <\/strong>\u00e8 stata fondata nel 2011 con il concetto di fornire servizi olistici nei contesti di Famiglia, Sesso e Salute. Il Team Willingness \u00e8 un\u2019\u00e9quipe interdisciplinare composta da diversi professionisti con background in campo terapeutico, medico, educativo o sociale, tra gli altri. La nostra missione consiste nel riunire professionisti e studenti per combattere lo stigma della salute mentale incoraggiando la \u201cvolont\u00e0 di adattamento\u201d. La nostra visione \u00e8 quella di una societ\u00e0 resiliente e consapevole, capace di affrontare la salute mentale in modo efficace e di adattarsi pi\u00f9 facilmente alle avversit\u00e0 della vita. Per fare questo seguiamo i valori della professionalit\u00e0, dell\u2019approccio, della pratica basata sull\u2019evidenza e del team. Willingness gestisce una clinica di Genere che supporta le persone a raggiungere i loro obiettivi specifici. Forniamo terapia della voce, terapia del dialogo e coaching in modo che i clienti possano sviluppare il loro s\u00e9 autentico. Lo facciamo anche attraverso terapie psicologiche su questioni legate al genere, come l&#8217;esplorazione dell&#8217;identit\u00e0 di genere.\r\n\r\n\r\n\r\n\r\n\r\n\r\n\r\n\r\n<h2>Partners<\/h2>\r\n\r\n\r\n\r\n\r\n\r\n\r\n\r\n<figure class=\"wp-block-image size-full is-resized\"><img decoding=\"async\" loading=\"lazy\" class=\"wp-image-336\" src=\"https:\/\/www.gender101.eu\/wp-content\/uploads\/2023\/01\/MB-Logo-Copy.jpg\" alt=\"MintiesBites\" width=\"162\" height=\"129\" srcset=\"https:\/\/www.gender101.eu\/wp-content\/uploads\/2023\/01\/MB-Logo-Copy.jpg 688w, https:\/\/www.gender101.eu\/wp-content\/uploads\/2023\/01\/MB-Logo-Copy-300x239.jpg 300w\" sizes=\"(max-width: 162px) 100vw, 162px\" \/><\/figure>\r\n\r\n\r\n\r\n\r\n<a href=\"http:\/\/www.mbites.lt\">www.mbites.lt<\/a>\r\n\r\n\r\n\r\n\r\n\r\nL\u2019<strong>Associazione MINTIES BIT\u0116S<\/strong> \u00e8 stata fondata nel 2012 con l\u2019obiettivo di riunire organizzazioni e individui per attivit\u00e0 a beneficio della societ\u00e0 nel suo complesso. Garantire l\u2019integrazione sociale di individui\/gruppi nel perseguimento di pari diritti e opportunit\u00e0. Sviluppare misure per prevenire i problemi sociali. L\u2019Associazione promuove, crea, progetta, sviluppa, valuta e implementa vari strumenti metodologici di sviluppo dell\u2019istruzione, della formazione professionale, dell\u2019aggiornamento e della riqualificazione delle qualifiche, dell\u2019educazione e dell\u2019apprendimento non formale, nonch\u00e9 metodologie e tecniche, programmi, progetti, reti di partenariato sociale, ecc. per specialisti e vari gruppi sociali e persone.\r\n\r\n\r\n\r\n\r\n<figure class=\"wp-block-image size-large is-resized\"><img decoding=\"async\" loading=\"lazy\" class=\"wp-image-462\" src=\"https:\/\/www.gender101.eu\/wp-content\/uploads\/2023\/04\/nowe-logo-wsbinoz-e1681393204396-1024x301.png\" alt=\"\" width=\"416\" height=\"121\" srcset=\"https:\/\/www.gender101.eu\/wp-content\/uploads\/2023\/04\/nowe-logo-wsbinoz-e1681393204396-1024x301.png 1024w, https:\/\/www.gender101.eu\/wp-content\/uploads\/2023\/04\/nowe-logo-wsbinoz-e1681393204396-300x88.png 300w, https:\/\/www.gender101.eu\/wp-content\/uploads\/2023\/04\/nowe-logo-wsbinoz-e1681393204396-768x225.png 768w, https:\/\/www.gender101.eu\/wp-content\/uploads\/2023\/04\/nowe-logo-wsbinoz-e1681393204396-1536x451.png 1536w, https:\/\/www.gender101.eu\/wp-content\/uploads\/2023\/04\/nowe-logo-wsbinoz-e1681393204396-2048x601.png 2048w\" sizes=\"(max-width: 416px) 100vw, 416px\" \/><\/figure>\r\n\r\n\r\n\r\n\r\n<a href=\"http:\/\/www.wsbinoz.edu.pl\/\" target=\"_blank\" rel=\"noreferrer noopener\">www.wsbinoz.edu.pl<\/a>\r\n\r\n\r\n\r\n\r\n\r\n<strong>WY\u017bSZA SZKO\u0141A BIZNESU I NAUK O ZDROWIU<\/strong> (WSBINOZ) \u00e8 il primo istituto di istruzione superiore non pubblico della Polonia centrale che offre studi in ambito sanitario e medico, nonch\u00e9 facolt\u00e0 di economia e pedagogia. La struttura scolastica di livello mondiale e l&#8217;eccellente atmosfera formativa promossa da specialisti, professionisti e insegnanti accademici altamente competenti e di alto livello garantiscono un curriculum unico e ambizioso, conoscenze teoriche e abilit\u00e0 pratiche tanto desiderate nella vita professionale. Ai giovani adulti viene insegnato come sfruttare le competenze e le conoscenze acquisite e come continuare a sviluppare le proprie capacit\u00e0 personali per raggiungere il successo professionale. La WSBINOZ svolge un ruolo importante nel mercato educativo locale in termini di organizzazione di corsi tematici aggiuntivi per gruppi svantaggiati. Il suo intento \u00e8 quello di collaborare con le autorit\u00e0 locali, regionali e nazionali al fine di fornire workshop e seminari tematici e di attrarre gruppi target.\r\n\r\n\r\n\r\n\r\n\r\n\r\n\r\n\r\n\r\n\r\n\r\n\r\n<figure class=\"wp-block-image size-large is-resized\"><img decoding=\"async\" loading=\"lazy\" class=\"wp-image-338\" src=\"https:\/\/www.gender101.eu\/wp-content\/uploads\/2023\/01\/fip-2048x1366-1-1024x683.png\" alt=\"FutureInPerspective\" width=\"217\" height=\"144\" srcset=\"https:\/\/www.gender101.eu\/wp-content\/uploads\/2023\/01\/fip-2048x1366-1-1024x683.png 1024w, https:\/\/www.gender101.eu\/wp-content\/uploads\/2023\/01\/fip-2048x1366-1-300x200.png 300w, https:\/\/www.gender101.eu\/wp-content\/uploads\/2023\/01\/fip-2048x1366-1-768x512.png 768w, https:\/\/www.gender101.eu\/wp-content\/uploads\/2023\/01\/fip-2048x1366-1-1536x1025.png 1536w, https:\/\/www.gender101.eu\/wp-content\/uploads\/2023\/01\/fip-2048x1366-1.png 2048w\" sizes=\"(max-width: 217px) 100vw, 217px\" \/><\/figure>\r\n\r\n\r\n\r\n\r\n<a href=\"http:\/\/www.futureinperspective.com\">www.futureinperspective.com<\/a>\r\n\r\n\r\n\r\n\r\n\r\n<strong>Future in Perspective<\/strong> Ltd. (FIP) ) \u00e8 un\u2019organizzazione privata con sede in Irlanda, specializzata nei settori dell\u2019istruzione e dell\u2019e-learning, della produzione di media, della salute digitale e del lavoro con i giovani. Attraverso il nostro lavoro su progetti nazionali e finanziati dall\u2019UE, abbiamo coinvolto e sostenuto gruppi giovanili locali, comunit\u00e0 di immigrati e individui a digiuno di istruzione a rientrare in contatto con i fornitori di servizi e le offerte di istruzione e formazione tradizionali. FIP sfrutta le pi\u00f9 recenti tecnologie nella sua offerta di servizi, sviluppando le competenze dei giovani professionisti in prima linea e dei volontari, consentendo ai membri dei gruppi target giovanili di sviluppare le loro competenze chiave in ambienti unici di action learning e blended learning. Inoltre, abbiamo collaborato con i giovani per realizzare una serie di programmi diversificati nelle aree della produzione mediatica, dell\u2019educazione al clima, della salute mentale e del benessere e della gestione della carriera, sostenendo la prossima generazione di individui creativi a costruire e sostenere carriere di successo nel settore.<br \/><br \/>\r\n\r\n\r\n\r\n\r\n\r\n\r\n\r\n\r\n<figure class=\"wp-block-image size-large is-resized\"><img decoding=\"async\" loading=\"lazy\" class=\"wp-image-445\" src=\"https:\/\/www.gender101.eu\/wp-content\/uploads\/2023\/01\/JanusOcol-1024x161.png\" alt=\"JANUS\" width=\"293\" height=\"46\" srcset=\"https:\/\/www.gender101.eu\/wp-content\/uploads\/2023\/01\/JanusOcol-1024x161.png 1024w, https:\/\/www.gender101.eu\/wp-content\/uploads\/2023\/01\/JanusOcol-300x47.png 300w, https:\/\/www.gender101.eu\/wp-content\/uploads\/2023\/01\/JanusOcol-768x121.png 768w, https:\/\/www.gender101.eu\/wp-content\/uploads\/2023\/01\/JanusOcol-1536x242.png 1536w, https:\/\/www.gender101.eu\/wp-content\/uploads\/2023\/01\/JanusOcol.png 2000w\" sizes=\"(max-width: 293px) 100vw, 293px\" \/><\/figure>\r\n\r\n\r\n\r\n\r\n<a href=\"http:\/\/www.janus.it\/\">www.janus.it<\/a><br \/><br \/>\r\n\r\n\r\n\r\n\r\n\r\n<strong>JANUS<\/strong> s.r.l. \u00e8 un\u2019azienda privata italiana che crea e sviluppa applicazioni software innovative per enti pubblici e privati, in ambito culturale, formativo, educativo e aziendale. JANUS garantisce la compatibilit\u00e0 dei suoi prodotti con qualsiasi tipo di rete (Internet, intranet e\/o extranet). I servizi forniti dall\u2019azienda comprendono anche la progettazione grafica e la produzione digitale\/multimediale. Tutti i servizi di JANUS sono supportati da assistenza, manuali tecnici e formazione. Tra le produzioni di successo di JANUS, ci sono \u201cAmaMusei\u201d e \u201cAmacitt\u00e0\u201d, che consistono in una piattaforma integrata e in applicazioni basate sul BAC &#8211; Beacon Access Control. Entrambi i prodotti sono ampiamente utilizzati da un gran numero di musei e comuni in Italia. JANUS ha supportato\/sta supportando progetti europei nell\u2019ambito di Erasmus+ HE, VET e Adulti.\r\n\r\n\r\n\r\n\r\n\r\n\r\n\r\n\r\n<figure class=\"wp-block-image size-large is-resized\"><img decoding=\"async\" loading=\"lazy\" class=\"wp-image-337\" src=\"https:\/\/www.gender101.eu\/wp-content\/uploads\/2023\/01\/SBS-red-1-e1674298661115-1024x827.png\" alt=\"StepByStep\" width=\"285\" height=\"230\" srcset=\"https:\/\/www.gender101.eu\/wp-content\/uploads\/2023\/01\/SBS-red-1-e1674298661115-1024x827.png 1024w, https:\/\/www.gender101.eu\/wp-content\/uploads\/2023\/01\/SBS-red-1-e1674298661115-300x242.png 300w, https:\/\/www.gender101.eu\/wp-content\/uploads\/2023\/01\/SBS-red-1-e1674298661115-768x620.png 768w, https:\/\/www.gender101.eu\/wp-content\/uploads\/2023\/01\/SBS-red-1-e1674298661115.png 1337w\" sizes=\"(max-width: 285px) 100vw, 285px\" \/><\/figure>\r\n\r\n\r\n\r\n\r\n<a href=\"http:\/\/www.urkpk.org\">www.urkpk.org<\/a>\r\n\r\n\r\n\r\n\r\n\r\nL\u2019<strong>Associazione di Genitori Step by Step<\/strong> \u00e8 un\u2019associazione non governativa e senza scopo di lucro il cui obiettivo principale \u00e8 promuovere il valore di comunit\u00e0 incentrata sui bambini. L\u2019Associazione percepisce i bambini come il suo tesoro pi\u00f9 prezioso e crea una priorit\u00e0 per il loro benessere, sviluppo ed educazione. Inoltre, si promuove il recupero del valore della genitorialit\u00e0, attraverso la conciliazione del lavoro e della cura dei figli. Le attivit\u00e0 dell\u2019Associazione comprendono: la promozione dei diritti dei bambini e delle loro famiglie ad una vita dignitosa; la collaborazione con asili, scuole e altre istituzioni che si occupano di bambini e famiglie; gli sforzi congiunti dei membri dell\u2019Associazione di fronte alle autorit\u00e0, alle istituzioni e alle comunit\u00e0 locali; la cooperazione con organizzazioni nazionali ed estere e la promozione di attivit\u00e0 di donazione e sponsorizzazione.\r\n\r\n","protected":false},"excerpt":{"rendered":"<p>Coordinatore www.willingness.com.mt Willingness \u00e8 stata fondata nel 2011 con il concetto di fornire servizi olistici nei contesti di Famiglia, Sesso e Salute. Il Team Willingness \u00e8 un\u2019\u00e9quipe interdisciplinare composta da diversi professionisti con background in campo terapeutico, medico, educativo o sociale, tra gli altri. La nostra missione consiste nel riunire professionisti e studenti per combattere [&hellip;]<\/p>\n","protected":false},"author":3,"featured_media":0,"parent":0,"menu_order":0,"comment_status":"closed","ping_status":"closed","template":"","meta":{"pgc_sgb_lightbox_settings":""},"_links":{"self":[{"href":"https:\/\/www.gender101.eu\/wp-json\/wp\/v2\/pages\/423"}],"collection":[{"href":"https:\/\/www.gender101.eu\/wp-json\/wp\/v2\/pages"}],"about":[{"href":"https:\/\/www.gender101.eu\/wp-json\/wp\/v2\/types\/page"}],"author":[{"embeddable":true,"href":"https:\/\/www.gender101.eu\/wp-json\/wp\/v2\/users\/3"}],"replies":[{"embeddable":true,"href":"https:\/\/www.gender101.eu\/wp-json\/wp\/v2\/comments?post=423"}],"version-history":[{"count":13,"href":"https:\/\/www.gender101.eu\/wp-json\/wp\/v2\/pages\/423\/revisions"}],"predecessor-version":[{"id":1103,"href":"https:\/\/www.gender101.eu\/wp-json\/wp\/v2\/pages\/423\/revisions\/1103"}],"wp:attachment":[{"href":"https:\/\/www.gender101.eu\/wp-json\/wp\/v2\/media?parent=423"}],"curies":[{"name":"wp","href":"https:\/\/api.w.org\/{rel}","templated":true}]}}