{"id":2,"date":"2021-03-01T14:29:14","date_gmt":"2021-03-01T13:29:14","guid":{"rendered":"http:\/\/tedi.dev.janus.it\/?page_id=2"},"modified":"2023-04-17T00:32:16","modified_gmt":"2023-04-16T22:32:16","slug":"gender101","status":"publish","type":"page","link":"https:\/\/www.gender101.eu\/gender101\/","title":{"rendered":"GENDER 101"},"content":{"rendered":"\r\n<figure class=\"wp-block-image size-full\"><img decoding=\"async\" loading=\"lazy\" width=\"95\" height=\"147\" class=\"wp-image-592\" src=\"https:\/\/www.gender101.eu\/wp-content\/uploads\/2023\/04\/Ico_Results-1.png\" alt=\"\" \/><\/figure>\r\n\r\n\r\n\r\n\r\nIl progetto GENDER 101 \u201cSviluppo di strumenti innovativi sulla Diversit\u00e0 di Genere per Genitori e Educatori di Adulti\u201d sostiene la priorit\u00e0 dell\u2019inclusione e della diversit\u00e0 in tutti i settori dell\u2019istruzione, della formazione, dei giovani e dello sport, lavorando nei riguardi di genitori ed educatori\/formatori adulti che siano pi\u00f9 preparati a lavorare con individui diversi dal punto di vista del genere. La creazione di una maggiore consapevolezza e il miglioramento delle conoscenze sulle diverse identit\u00e0 di genere e sulla complessa natura di questo argomento consentiranno una maggiore competenza e un approccio pi\u00f9 olistico da parte dei genitori nei confronti dei bambini con diversit\u00e0 di genere, nonch\u00e9 degli educatori\/formatori di adulti nel sostegno ai genitori. <br \/><br \/>\r\n\r\n\r\n\r\n\r\n\r\n<figure class=\"wp-block-image size-large\"><img decoding=\"async\" loading=\"lazy\" width=\"1024\" height=\"576\" class=\"wp-image-588\" src=\"https:\/\/www.gender101.eu\/wp-content\/uploads\/2023\/04\/mother-2935723-1024x576.jpg\" alt=\"\" srcset=\"https:\/\/www.gender101.eu\/wp-content\/uploads\/2023\/04\/mother-2935723-1024x576.jpg 1024w, https:\/\/www.gender101.eu\/wp-content\/uploads\/2023\/04\/mother-2935723-300x169.jpg 300w, https:\/\/www.gender101.eu\/wp-content\/uploads\/2023\/04\/mother-2935723-768x432.jpg 768w, https:\/\/www.gender101.eu\/wp-content\/uploads\/2023\/04\/mother-2935723-1536x864.jpg 1536w, https:\/\/www.gender101.eu\/wp-content\/uploads\/2023\/04\/mother-2935723-2048x1152.jpg 2048w\" sizes=\"(max-width: 1024px) 100vw, 1024px\" \/><\/figure>\r\n","protected":false},"excerpt":{"rendered":"<p>Il progetto GENDER 101 \u201cSviluppo di strumenti innovativi sulla Diversit\u00e0 di Genere per Genitori e Educatori di Adulti\u201d sostiene la priorit\u00e0 dell\u2019inclusione e della diversit\u00e0 in tutti i settori dell\u2019istruzione, della formazione, dei giovani e dello sport, lavorando nei riguardi di genitori ed educatori\/formatori adulti che siano pi\u00f9 preparati a lavorare con individui diversi dal [&hellip;]<\/p>\n","protected":false},"author":3,"featured_media":592,"parent":0,"menu_order":0,"comment_status":"closed","ping_status":"closed","template":"","meta":{"pgc_sgb_lightbox_settings":""},"_links":{"self":[{"href":"https:\/\/www.gender101.eu\/wp-json\/wp\/v2\/pages\/2"}],"collection":[{"href":"https:\/\/www.gender101.eu\/wp-json\/wp\/v2\/pages"}],"about":[{"href":"https:\/\/www.gender101.eu\/wp-json\/wp\/v2\/types\/page"}],"author":[{"embeddable":true,"href":"https:\/\/www.gender101.eu\/wp-json\/wp\/v2\/users\/3"}],"replies":[{"embeddable":true,"href":"https:\/\/www.gender101.eu\/wp-json\/wp\/v2\/comments?post=2"}],"version-history":[{"count":18,"href":"https:\/\/www.gender101.eu\/wp-json\/wp\/v2\/pages\/2\/revisions"}],"predecessor-version":[{"id":595,"href":"https:\/\/www.gender101.eu\/wp-json\/wp\/v2\/pages\/2\/revisions\/595"}],"wp:featuredmedia":[{"embeddable":true,"href":"https:\/\/www.gender101.eu\/wp-json\/wp\/v2\/media\/592"}],"wp:attachment":[{"href":"https:\/\/www.gender101.eu\/wp-json\/wp\/v2\/media?parent=2"}],"curies":[{"name":"wp","href":"https:\/\/api.w.org\/{rel}","templated":true}]}}