{"id":90,"date":"2021-04-15T11:25:54","date_gmt":"2021-04-15T09:25:54","guid":{"rendered":"https:\/\/tedi.staging.janus.it\/?page_id=90"},"modified":"2023-04-17T22:51:03","modified_gmt":"2023-04-17T20:51:03","slug":"results","status":"publish","type":"page","link":"https:\/\/www.gender101.eu\/results\/","title":{"rendered":"Rezultati"},"content":{"rendered":"\r\n<figure class=\"wp-block-image size-full\"><img decoding=\"async\" loading=\"lazy\" width=\"95\" height=\"147\" class=\"wp-image-592\" src=\"https:\/\/www.gender101.eu\/wp-content\/uploads\/2023\/04\/Ico_Results-1.png\" alt=\"\" \/><\/figure>\r\n\r\n\r\n\r\n\r\nGENDER 101 \u0107e pobolj\u0161ati dostupnost visokokvalitetnih mogu\u0107nosti u\u010denja za odrasle kreiranjem te\u010dajeva, treninga i alata za roditelje i edukatore odraslih koje \u0107e oni dobiti kroz ovaj projekt i kroz kreirane alate. \r\n<br \/><br \/>\r\nProjekt stoga podr\u017eava \u0161kolsko obrazovanje jer edukatori i treneri odraslih koji tako\u0111er mogu raditi u obrazovnim institucijama mogu bolje podr\u017eati inkluzivnije okru\u017eenje za u\u010denje. Ovi alati za obuku omogu\u0107it \u0107e bolje razumijevanje rodno razli\u010ditih pojedinaca i za u\u010denike i ljude u nastavni\u010dkoj profesiji i tako omogu\u0107iti razvoj boljeg okru\u017eenja koje poti\u010de raznolikost i inkluzivnost kao klju\u010dne aspekte unutar procesa u\u010denja.\r\n<br \/><br \/>\r\n\r\n\r\n\r\n<figure class=\"wp-block-image size-large\"><img decoding=\"async\" loading=\"lazy\" width=\"1024\" height=\"611\" class=\"wp-image-410\" src=\"https:\/\/www.gender101.eu\/wp-content\/uploads\/2023\/01\/travel-933171-1024x611.jpg\" alt=\"\" srcset=\"https:\/\/www.gender101.eu\/wp-content\/uploads\/2023\/01\/travel-933171-1024x611.jpg 1024w, https:\/\/www.gender101.eu\/wp-content\/uploads\/2023\/01\/travel-933171-300x179.jpg 300w, https:\/\/www.gender101.eu\/wp-content\/uploads\/2023\/01\/travel-933171-768x458.jpg 768w, https:\/\/www.gender101.eu\/wp-content\/uploads\/2023\/01\/travel-933171-1536x917.jpg 1536w, https:\/\/www.gender101.eu\/wp-content\/uploads\/2023\/01\/travel-933171-2048x1222.jpg 2048w\" sizes=\"(max-width: 1024px) 100vw, 1024px\" \/><\/figure>\r\n","protected":false},"excerpt":{"rendered":"<p>GENDER 101 \u0107e pobolj\u0161ati dostupnost visokokvalitetnih mogu\u0107nosti u\u010denja za odrasle kreiranjem te\u010dajeva, treninga i alata za roditelje i edukatore odraslih koje \u0107e oni dobiti kroz ovaj projekt i kroz kreirane alate. Projekt stoga podr\u017eava \u0161kolsko obrazovanje jer edukatori i treneri odraslih koji tako\u0111er mogu raditi u obrazovnim institucijama mogu bolje podr\u017eati inkluzivnije okru\u017eenje za u\u010denje. [&hellip;]<\/p>\n","protected":false},"author":1,"featured_media":0,"parent":0,"menu_order":0,"comment_status":"closed","ping_status":"closed","template":"","meta":{"pgc_sgb_lightbox_settings":""},"_links":{"self":[{"href":"https:\/\/www.gender101.eu\/wp-json\/wp\/v2\/pages\/90"}],"collection":[{"href":"https:\/\/www.gender101.eu\/wp-json\/wp\/v2\/pages"}],"about":[{"href":"https:\/\/www.gender101.eu\/wp-json\/wp\/v2\/types\/page"}],"author":[{"embeddable":true,"href":"https:\/\/www.gender101.eu\/wp-json\/wp\/v2\/users\/1"}],"replies":[{"embeddable":true,"href":"https:\/\/www.gender101.eu\/wp-json\/wp\/v2\/comments?post=90"}],"version-history":[{"count":9,"href":"https:\/\/www.gender101.eu\/wp-json\/wp\/v2\/pages\/90\/revisions"}],"predecessor-version":[{"id":696,"href":"https:\/\/www.gender101.eu\/wp-json\/wp\/v2\/pages\/90\/revisions\/696"}],"wp:attachment":[{"href":"https:\/\/www.gender101.eu\/wp-json\/wp\/v2\/media?parent=90"}],"curies":[{"name":"wp","href":"https:\/\/api.w.org\/{rel}","templated":true}]}}