{"id":423,"date":"2023-01-21T16:47:27","date_gmt":"2023-01-21T15:47:27","guid":{"rendered":"https:\/\/www.gender101.eu\/?page_id=423"},"modified":"2023-08-10T11:24:23","modified_gmt":"2023-08-10T09:24:23","slug":"about-us","status":"publish","type":"page","link":"https:\/\/www.gender101.eu\/about-us\/","title":{"rendered":"O nama"},"content":{"rendered":"\r\n\r\n\r\n\r\n\r\n<h2>Koordinator<\/h2>\r\n\r\n\r\n\r\n<figure class=\"wp-block-image size-large is-resized\"><img decoding=\"async\" loading=\"lazy\" class=\"wp-image-457\" src=\"https:\/\/www.gender101.eu\/wp-content\/uploads\/2023\/04\/willingness_Clinic_Logos-04-1024x351.png\" alt=\"\" width=\"269\" height=\"92\" srcset=\"https:\/\/www.gender101.eu\/wp-content\/uploads\/2023\/04\/willingness_Clinic_Logos-04-1024x351.png 1024w, https:\/\/www.gender101.eu\/wp-content\/uploads\/2023\/04\/willingness_Clinic_Logos-04-300x103.png 300w, https:\/\/www.gender101.eu\/wp-content\/uploads\/2023\/04\/willingness_Clinic_Logos-04-768x263.png 768w, https:\/\/www.gender101.eu\/wp-content\/uploads\/2023\/04\/willingness_Clinic_Logos-04-1536x527.png 1536w, https:\/\/www.gender101.eu\/wp-content\/uploads\/2023\/04\/willingness_Clinic_Logos-04-2048x702.png 2048w\" sizes=\"(max-width: 269px) 100vw, 269px\" \/><\/figure>\r\n\r\n\r\n\r\n\r\n<a href=\"http:\/\/www.willingness.com.mt\">www.willingness.com.mt<\/a>\r\n\r\n\r\n\r\n\r\n\r\n<strong>Willingness <\/strong>je organizacija osnovana 2011. godine s konceptom pru\u017eanja holisti\u010dkih usluga u odnosu na obitelj, seks i zdravlje. Willingness tim interdisciplinarni je tim sastavljen od razli\u010ditih stru\u010dnjaka, izme\u0111u ostalog, s iskustvom u terapeutskim, medicinskim, obrazovnim ili dru\u0161tvenim podru\u010djima. Na\u0161a je misija okupljanje stru\u010dnjaka i studenata u borbi protiv stigme mentalnog zdravlja poti\u010du\u0107i &#8216;spremnost na prilagodbu&#8217;. Na\u0161a je vizija otporno samosvjesno dru\u0161tvo, sposobno u\u010dinkovito se pozabaviti mentalnim zdravljem i lak\u0161e prilagoditi \u017eivotnim neda\u0107ama. Da bismo to postigli, slijedimo vrijednosti profesionalnosti, pristupa\u010dnosti, prakse utemeljene na dokazima i tima. Willingness vodi Rodnu kliniku, podr\u017eavaju\u0107i korisnike da postignu svoje specifi\u010dne ciljeve. Pru\u017eamo glasovnu terapiju, terapiju razgovorom i coaching kako bi klijenti mogli razviti svoje autenti\u010dno ja. Tako\u0111er, to \u010dinimo kroz psiholo\u0161ke terapije oko pitanja vezanih uz rod, kao \u0161to je istra\u017eivanje rodnog identiteta.\r\n\r\n&nbsp;\r\n\r\n\r\n\r\n\r\n\r\n\r\n\r\n\r\n<h2>Partners<\/h2>\r\n\r\n\r\n\r\n\r\n\r\n\r\n\r\n<figure class=\"wp-block-image size-full is-resized\"><img decoding=\"async\" loading=\"lazy\" class=\"wp-image-336\" src=\"https:\/\/www.gender101.eu\/wp-content\/uploads\/2023\/01\/MB-Logo-Copy.jpg\" alt=\"MintiesBites\" width=\"162\" height=\"129\" srcset=\"https:\/\/www.gender101.eu\/wp-content\/uploads\/2023\/01\/MB-Logo-Copy.jpg 688w, https:\/\/www.gender101.eu\/wp-content\/uploads\/2023\/01\/MB-Logo-Copy-300x239.jpg 300w\" sizes=\"(max-width: 162px) 100vw, 162px\" \/><\/figure>\r\n\r\n\r\n\r\n\r\n<a href=\"http:\/\/www.mbites.lt\">www.mbites.lt<\/a>\r\n\r\n\r\n\r\n\r\n\r\n<strong>Udruga MINTIES BIT\u0116S<\/strong> osnovana je 2012. godine s ciljem okupljanja organizacija i pojedinaca za aktivnosti koje donose korist dru\u0161tvu u cjelini. Osiguravanje socijalne integracije\r\npojedinaca\/grupa u potrazi za jednakim pravima i mogu\u0107nostima. Razviti mjere za prevenciju dru\u0161tvenih problema. Udruga promi\u010de, kreira, dizajnira, razvija, evaluira i implementira razli\u010dite metodolo\u0161ke razvojne alate za obrazovanje, strukovno osposobljavanje, kvalifikacije i\r\nprekvalifikacije, neformalno obrazovanje i u\u010denje te metodologije i tehnike, programe, projekte, mre\u017ee socijalnog partnerstva itd., za stru\u010dnjake i razli\u010dite dru\u0161tvene skupine i pojedince.\r\n\r\n\r\n\r\n\r\n<figure class=\"wp-block-image size-large is-resized\"><img decoding=\"async\" loading=\"lazy\" class=\"wp-image-462\" src=\"https:\/\/www.gender101.eu\/wp-content\/uploads\/2023\/04\/nowe-logo-wsbinoz-e1681393204396-1024x301.png\" alt=\"\" width=\"416\" height=\"121\" srcset=\"https:\/\/www.gender101.eu\/wp-content\/uploads\/2023\/04\/nowe-logo-wsbinoz-e1681393204396-1024x301.png 1024w, https:\/\/www.gender101.eu\/wp-content\/uploads\/2023\/04\/nowe-logo-wsbinoz-e1681393204396-300x88.png 300w, https:\/\/www.gender101.eu\/wp-content\/uploads\/2023\/04\/nowe-logo-wsbinoz-e1681393204396-768x225.png 768w, https:\/\/www.gender101.eu\/wp-content\/uploads\/2023\/04\/nowe-logo-wsbinoz-e1681393204396-1536x451.png 1536w, https:\/\/www.gender101.eu\/wp-content\/uploads\/2023\/04\/nowe-logo-wsbinoz-e1681393204396-2048x601.png 2048w\" sizes=\"(max-width: 416px) 100vw, 416px\" \/><\/figure>\r\n\r\n\r\n\r\n\r\n<a href=\"http:\/\/www.wsbinoz.edu.pl\/\" target=\"_blank\" rel=\"noreferrer noopener\">www.wsbinoz.edu.pl<\/a>\r\n\r\n\r\n\r\n\r\n\r\n<strong>WY\u017bSZA SZKO\u0141A BIZNESU I NAUK O ZDROWIU<\/strong> (WSBINOZ) prva je nejavna visoko\u0161kolska ustanova u sredi\u0161njoj Poljskoj koja nudi zdravstvene i medicinske studije, kao i poslovne i pedago\u0161ke fakultete. \u0160kolski objekt svjetske klase i izvanredna atmosfera za trening koju promi\u010du visoko kompetentni i najugledniji stru\u010dnjaci, prakti\u010dari i akademski nastavnici jam\u010de jedinstven i ambiciozan nastavni plan i program, teoretsko znanje i prakti\u010dne vje\u0161tine toliko \u017eeljene u profesionalnom \u017eivotu. Mladi u\u010de kako iskoristiti ste\u010dene vje\u0161tine i znanja te kako nastaviti razvijati osobne sposobnosti i postati uspje\u0161ni. WSBINOZ igra va\u017enu ulogu na lokalnom obrazovnom tr\u017ei\u0161tu u smislu organizacije dodatnih tematskih edukacija za skupine u nepovoljnom polo\u017eaju. Namjera je sura\u0111ivati s lokalnim, regionalnim i nacionalnim vlastima u cilju odr\u017eavanja tematskih radionica i seminara te privla\u010denja ciljanih skupina.<br \/><br \/>\r\n\r\n\r\n\r\n\r\n\r\n\r\n\r\n\r\n\r\n\r\n\r\n\r\n<figure class=\"wp-block-image size-large is-resized\"><img decoding=\"async\" loading=\"lazy\" class=\"wp-image-338\" src=\"https:\/\/www.gender101.eu\/wp-content\/uploads\/2023\/01\/fip-2048x1366-1-1024x683.png\" alt=\"FutureInPerspective\" width=\"217\" height=\"144\" srcset=\"https:\/\/www.gender101.eu\/wp-content\/uploads\/2023\/01\/fip-2048x1366-1-1024x683.png 1024w, https:\/\/www.gender101.eu\/wp-content\/uploads\/2023\/01\/fip-2048x1366-1-300x200.png 300w, https:\/\/www.gender101.eu\/wp-content\/uploads\/2023\/01\/fip-2048x1366-1-768x512.png 768w, https:\/\/www.gender101.eu\/wp-content\/uploads\/2023\/01\/fip-2048x1366-1-1536x1025.png 1536w, https:\/\/www.gender101.eu\/wp-content\/uploads\/2023\/01\/fip-2048x1366-1.png 2048w\" sizes=\"(max-width: 217px) 100vw, 217px\" \/><\/figure>\r\n\r\n\r\n\r\n\r\n<a href=\"http:\/\/www.futureinperspective.com\">www.futureinperspective.com<\/a><br \/><br \/>\r\n\r\n\r\n\r\n\r\n\r\n<strong>Future in Perspective<\/strong> Ltd. (FIP) is a private company based in County Cavan, Ireland specialising in the areas of education and e-learning, media production, digital health and youth-work. Through our work on national and EU funded projects, we have engaged and supported local youth groups, migrant communities and individuals who have been absent from education to re-engage with service providers and mainstream education and training offerings. FIP harnesses the latest technologies in its service offering building the skills of front-line youth professionals and volunteers enabling youth target group members to develop their key competences in unique action learning and blended learning environments. In addition, we have collaborated with young people to deliver a range of diverse\r\nprogrammes in the areas of media production, climate education, mental health and wellbeing and career management \u2013 supporting the next generation of creative individuals to build and sustain successful careers in the sector.<br \/><br \/>\r\n\r\n\r\n\r\n\r\n\r\n\r\n\r\n\r\n<figure class=\"wp-block-image size-large is-resized\"><img decoding=\"async\" loading=\"lazy\" class=\"wp-image-445\" src=\"https:\/\/www.gender101.eu\/wp-content\/uploads\/2023\/01\/JanusOcol-1024x161.png\" alt=\"JANUS\" width=\"293\" height=\"46\" srcset=\"https:\/\/www.gender101.eu\/wp-content\/uploads\/2023\/01\/JanusOcol-1024x161.png 1024w, https:\/\/www.gender101.eu\/wp-content\/uploads\/2023\/01\/JanusOcol-300x47.png 300w, https:\/\/www.gender101.eu\/wp-content\/uploads\/2023\/01\/JanusOcol-768x121.png 768w, https:\/\/www.gender101.eu\/wp-content\/uploads\/2023\/01\/JanusOcol-1536x242.png 1536w, https:\/\/www.gender101.eu\/wp-content\/uploads\/2023\/01\/JanusOcol.png 2000w\" sizes=\"(max-width: 293px) 100vw, 293px\" \/><\/figure>\r\n\r\n\r\n\r\n\r\n<a href=\"http:\/\/www.janus.it\/\">www.janus.it<\/a><br \/><br \/>\r\n\r\n\r\n\r\n\r\n\r\n<strong>JANUS <\/strong> je talijanska privatna tvrtka koja stvara i razvija inovativne softverske aplikacije za javne i privatne subjekte, u kulturnom, obrazovnom i poslovnom podru\u010dju. JANUS osigurava kompatibilnost svojih proizvoda s bilo kojom vrstom mre\u017ee (Internet, intranet i\/ili ekstranet). Usluge koje tvrtka pru\u017ea tako\u0111er uklju\u010duju grafi\u010dki dizajn i digitalnu\/multimedijsku produkciju. Sve JANUS-ove usluge dolaze s podr\u0161kom, tehni\u010dkim priru\u010dnicima i obukom. Me\u0111u uspje\u0161nim produkcijama JANUS-a su \u201cAmaMusei\u201d i \u201cAmacitt\u00e0\u201d, koje se sastoje od integrirane platforme i aplikacija temeljenih na BAC-u \u2013 Beacon Access Control. Oba proizvoda na\u0161iroko koristi velik broj muzeja i op\u0107ina u Italiji. JANUS je podr\u017eavao\/podr\u017eava europske projekte u podru\u010djima Eramus+ Visoko obrazovanje, Cjelo\u017eivotno obrazovanje i Odrasli.\r\n\r\n\r\n\r\n\r\n\r\n\r\n\r\n\r\n<figure class=\"wp-block-image size-large is-resized\"><img decoding=\"async\" loading=\"lazy\" class=\"wp-image-337\" src=\"https:\/\/www.gender101.eu\/wp-content\/uploads\/2023\/01\/SBS-red-1-e1674298661115-1024x827.png\" alt=\"StepByStep\" width=\"285\" height=\"230\" srcset=\"https:\/\/www.gender101.eu\/wp-content\/uploads\/2023\/01\/SBS-red-1-e1674298661115-1024x827.png 1024w, https:\/\/www.gender101.eu\/wp-content\/uploads\/2023\/01\/SBS-red-1-e1674298661115-300x242.png 300w, https:\/\/www.gender101.eu\/wp-content\/uploads\/2023\/01\/SBS-red-1-e1674298661115-768x620.png 768w, https:\/\/www.gender101.eu\/wp-content\/uploads\/2023\/01\/SBS-red-1-e1674298661115.png 1337w\" sizes=\"(max-width: 285px) 100vw, 285px\" \/><\/figure>\r\n\r\n\r\n\r\n\r\n<a href=\"http:\/\/www.urkpk.org\">www.urkpk.org<\/a>\r\n\r\n\r\n\r\n\r\n\r\nUdruga roditelja Korak po korak nevladina je i neprofitna udruga \u010diji je osnovni cilj promicanje vrijednosti dru\u0161tva usmjerenog na djecu. Takvo dru\u0161tvo djecu do\u017eivljava kao svoje najvrednije blago te stavlja prioritet na njihovu dobrobit, njihov razvoj i obrazovanje. \u0160tovi\u0161e, obnovu vrijednosti roditeljstva vidi kao izvor mogu\u0107nosti za rje\u0161avanje sukoba izme\u0111u rada i brige o djeci, \u010dine\u0107i sve da se roditeljska uloga cijeni i olak\u0161a.\r\nAktivnosti udruge su: promicanje prava djece i njihovih obitelji na dostojan \u017eivot; suradnja s pred\u0161kolskim, \u0161kolskim i drugim ustanovama koje skrbe o djeci i obitelji; zajedni\u010dki nastup \u010dlanova pred dr\u017eavnim organima i ustanovama te lokalnim zajednicama; organiziranje seminara i javnih predavanja; izdava\u010dka djelatnost; suradnja s doma\u0107im i inozemnim organizacijama te promicanje donatorstva i sponzorstva.\r\n.\r\n\r\n","protected":false},"excerpt":{"rendered":"<p>Koordinator www.willingness.com.mt Willingness je organizacija osnovana 2011. godine s konceptom pru\u017eanja holisti\u010dkih usluga u odnosu na obitelj, seks i zdravlje. Willingness tim interdisciplinarni je tim sastavljen od razli\u010ditih stru\u010dnjaka, izme\u0111u ostalog, s iskustvom u terapeutskim, medicinskim, obrazovnim ili dru\u0161tvenim podru\u010djima. Na\u0161a je misija okupljanje stru\u010dnjaka i studenata u borbi protiv stigme mentalnog zdravlja poti\u010du\u0107i &#8216;spremnost [&hellip;]<\/p>\n","protected":false},"author":3,"featured_media":0,"parent":0,"menu_order":0,"comment_status":"closed","ping_status":"closed","template":"","meta":{"pgc_sgb_lightbox_settings":""},"_links":{"self":[{"href":"https:\/\/www.gender101.eu\/wp-json\/wp\/v2\/pages\/423"}],"collection":[{"href":"https:\/\/www.gender101.eu\/wp-json\/wp\/v2\/pages"}],"about":[{"href":"https:\/\/www.gender101.eu\/wp-json\/wp\/v2\/types\/page"}],"author":[{"embeddable":true,"href":"https:\/\/www.gender101.eu\/wp-json\/wp\/v2\/users\/3"}],"replies":[{"embeddable":true,"href":"https:\/\/www.gender101.eu\/wp-json\/wp\/v2\/comments?post=423"}],"version-history":[{"count":13,"href":"https:\/\/www.gender101.eu\/wp-json\/wp\/v2\/pages\/423\/revisions"}],"predecessor-version":[{"id":1103,"href":"https:\/\/www.gender101.eu\/wp-json\/wp\/v2\/pages\/423\/revisions\/1103"}],"wp:attachment":[{"href":"https:\/\/www.gender101.eu\/wp-json\/wp\/v2\/media?parent=423"}],"curies":[{"name":"wp","href":"https:\/\/api.w.org\/{rel}","templated":true}]}}